{"id":5162,"date":"2024-11-09T14:07:23","date_gmt":"2024-11-09T13:07:23","guid":{"rendered":"http:\/\/www.hericsportsloisirs.fr\/blog\/?page_id=5162"},"modified":"2024-11-09T16:45:04","modified_gmt":"2024-11-09T15:45:04","slug":"blog-2-3","status":"publish","type":"page","link":"https:\/\/www.hericsportsloisirs.fr\/blog\/blog-2-3\/","title":{"rendered":"Boutique HBC"},"content":{"rendered":"\n<style type=\"text\/css\" data-created_by=\"avia_inline_auto\" id=\"style-css-av-60voii-4c32498a5fafa83bcfeaa372697d9624\">\n.flex_column.av-60voii-4c32498a5fafa83bcfeaa372697d9624{\nborder-radius:0px 0px 0px 0px;\npadding:0px 0px 0px 0px;\n}\n<\/style>\n<div  class='flex_column av-60voii-4c32498a5fafa83bcfeaa372697d9624 av_one_full  avia-builder-el-0  el_before_av_hr  avia-builder-el-first  first flex_column_div av-zero-column-padding  '     ><p>\n<style type=\"text\/css\" data-created_by=\"avia_inline_auto\" id=\"style-css-av-m3a5f7h1-c9c60ca83f1060697d7ee6dc77f146ba\">\n@keyframes av_boxShadowEffect_av-m3a5f7h1-c9c60ca83f1060697d7ee6dc77f146ba {\n0%   { box-shadow:  0 0 0 0 ; opacity: 1; }\n100% { box-shadow:  0 0 20px 0 ; opacity: 1; }\n}\n.avia_transform .avia-image-container.av-m3a5f7h1-c9c60ca83f1060697d7ee6dc77f146ba{\nanimation-duration:2s;\n}\n.avia-image-container.av-m3a5f7h1-c9c60ca83f1060697d7ee6dc77f146ba img.avia_image{\nbox-shadow: 0 0 20px 0 ;\n}\n.avia-image-container.av-m3a5f7h1-c9c60ca83f1060697d7ee6dc77f146ba .av-image-caption-overlay-center{\ncolor:#ffffff;\n}\n<\/style>\n<div  class='avia-image-container av-m3a5f7h1-c9c60ca83f1060697d7ee6dc77f146ba av-styling-no-styling avia_animated_image av-animated-when-visible-95 pop-up avia-align-center  avia-builder-el-1  el_before_av_hr  avia-builder-el-first  av-img-box-shadow av-box-shadow-not-animated'   itemprop=\"image\" itemscope=\"itemscope\" itemtype=\"https:\/\/schema.org\/ImageObject\" ><div class=\"avia-image-container-inner\"><div class=\"avia-image-overlay-wrap\"><img decoding=\"async\" class='wp-image-8810 avia-img-lazy-loading-not-8810 avia_image shadow-not-animated' src=\"https:\/\/www.hericsportsloisirs.fr\/blog\/wp-content\/uploads\/2024\/11\/Capture-decran-2024-11-09-a-13.37.27-495x400.png\" alt='' title='Capture d\u2019\u00e9cran 2024-11-09 \u00e0 13.37.27'  height=\"400\" width=\"495\"  itemprop=\"thumbnailUrl\" srcset=\"https:\/\/www.hericsportsloisirs.fr\/blog\/wp-content\/uploads\/2024\/11\/Capture-decran-2024-11-09-a-13.37.27-495x400.png 495w, https:\/\/www.hericsportsloisirs.fr\/blog\/wp-content\/uploads\/2024\/11\/Capture-decran-2024-11-09-a-13.37.27-845x684.png 845w\" sizes=\"(max-width: 495px) 100vw, 495px\" \/><\/div><\/div><\/div><br \/>\n\n<style type=\"text\/css\" data-created_by=\"avia_inline_auto\" id=\"style-css-av-m3a882h4-ee600c69c67c37d621084f863cb69272\">\n#top .hr.hr-invisible.av-m3a882h4-ee600c69c67c37d621084f863cb69272{\nheight:20px;\n}\n<\/style>\n<div  class='hr av-m3a882h4-ee600c69c67c37d621084f863cb69272 hr-invisible  avia-builder-el-2  el_after_av_image  el_before_av_image '><span class='hr-inner '><span class=\"hr-inner-style\"><\/span><\/span><\/div><br \/>\n\n<style type=\"text\/css\" data-created_by=\"avia_inline_auto\" id=\"style-css-av-m3a5gtlu-cfd13744fa4c12ad27ce9d6c13a1dbe7\">\n.avia-image-container.av-m3a5gtlu-cfd13744fa4c12ad27ce9d6c13a1dbe7 img.avia_image{\nbox-shadow:none;\n}\n.avia-image-container.av-m3a5gtlu-cfd13744fa4c12ad27ce9d6c13a1dbe7 .av-image-caption-overlay-center{\ncolor:#ffffff;\n}\n<\/style>\n<div  class='avia-image-container av-m3a5gtlu-cfd13744fa4c12ad27ce9d6c13a1dbe7 av-styling- avia-align-center  avia-builder-el-3  el_after_av_hr  avia-builder-el-last '   itemprop=\"image\" itemscope=\"itemscope\" itemtype=\"https:\/\/schema.org\/ImageObject\" ><div class=\"avia-image-container-inner\"><div class=\"avia-image-overlay-wrap\"><img decoding=\"async\" class='wp-image-8835 avia-img-lazy-loading-not-8835 avia_image ' src=\"https:\/\/www.hericsportsloisirs.fr\/blog\/wp-content\/uploads\/2024\/11\/TENUES-copie.jpg\" alt='' title='TENUES - copie'  height=\"405\" width=\"720\"  itemprop=\"thumbnailUrl\" srcset=\"https:\/\/www.hericsportsloisirs.fr\/blog\/wp-content\/uploads\/2024\/11\/TENUES-copie.jpg 720w, https:\/\/www.hericsportsloisirs.fr\/blog\/wp-content\/uploads\/2024\/11\/TENUES-copie-300x169.jpg 300w, https:\/\/www.hericsportsloisirs.fr\/blog\/wp-content\/uploads\/2024\/11\/TENUES-copie-705x397.jpg 705w\" sizes=\"(max-width: 720px) 100vw, 720px\" \/><\/div><\/div><\/div><\/p><\/div>\n<style type=\"text\/css\" data-created_by=\"avia_inline_auto\" id=\"style-css-av-m3a88dh4-d57e5b7de00f8c97b97c3a8d6d53620d\">\n#top .hr.hr-invisible.av-m3a88dh4-d57e5b7de00f8c97b97c3a8d6d53620d{\nheight:20px;\n}\n<\/style>\n<div  class='hr av-m3a88dh4-d57e5b7de00f8c97b97c3a8d6d53620d hr-invisible  avia-builder-el-4  el_after_av_one_full  el_before_av_textblock '><span class='hr-inner '><span class=\"hr-inner-style\"><\/span><\/span><\/div><\/p>\n<section  class='av_textblock_section av-m3a6oxl8-3eb284db08667d720e90117cf95db281 '   itemscope=\"itemscope\" itemtype=\"https:\/\/schema.org\/CreativeWork\" ><div class='avia_textblock'  itemprop=\"text\" ><h2 style=\"text-align: center;\">Pour commander vos articles en ligne,<\/h2>\n<h2 style=\"text-align: center;\">cliquez sur le lien suivant:<\/h2>\n<\/div><\/section>\n\n<style type=\"text\/css\" data-created_by=\"avia_inline_auto\" id=\"style-css-av-m3a6r03d-e0d16e028246218dec4a7c5494edad97\">\n#top .hr.hr-invisible.av-m3a6r03d-e0d16e028246218dec4a7c5494edad97{\nheight:20px;\n}\n<\/style>\n<div  class='hr av-m3a6r03d-e0d16e028246218dec4a7c5494edad97 hr-invisible  avia-builder-el-6  el_after_av_textblock  el_before_av_textblock '><span class='hr-inner '><span class=\"hr-inner-style\"><\/span><\/span><\/div>\n<section  class='av_textblock_section av-3jr396-d3de1eb2732dda5354c3727ef5c766b4 '   itemscope=\"itemscope\" itemtype=\"https:\/\/schema.org\/CreativeWork\" ><div class='avia_textblock'  itemprop=\"text\" ><h1 style=\"text-align: center;\"><span style=\"color: #33cccc;\"><a style=\"color: #33cccc;\" href=\"https:\/\/clubshop.macron.com\/nantes\/heric-badminton-club\" target=\"_blank\" rel=\"noopener\">Boutique<\/a><\/span><strong><span style=\"color: #33cccc;\"><a style=\"color: #33cccc;\" href=\"https:\/\/clubshop.macron.com\/nantes\/heric-badminton-club\" target=\"_blank\" rel=\"noopener\"> HBC<\/a><\/span><\/strong><\/h1>\n<\/div><\/section>\n\n<style type=\"text\/css\" data-created_by=\"avia_inline_auto\" id=\"style-css-av-m3a6r7qn-400e980d2a1d3beddfa8a0459800865f\">\n#top .hr.hr-invisible.av-m3a6r7qn-400e980d2a1d3beddfa8a0459800865f{\nheight:20px;\n}\n<\/style>\n<div  class='hr av-m3a6r7qn-400e980d2a1d3beddfa8a0459800865f hr-invisible  avia-builder-el-8  el_after_av_textblock  el_before_av_textblock '><span class='hr-inner '><span class=\"hr-inner-style\"><\/span><\/span><\/div>\n<section  class='av_textblock_section av-m3a5xn5j-ec1b58fc47f2aae0d30cccb0485844f0 '   itemscope=\"itemscope\" itemtype=\"https:\/\/schema.org\/CreativeWork\" ><div class='avia_textblock'  itemprop=\"text\" ><h2 style=\"text-align: center;\">ou<\/h2>\n<\/div><\/section>\n\n<style type=\"text\/css\" data-created_by=\"avia_inline_auto\" id=\"style-css-av-m3a6rjgm-72438eb2c6b7a965cc99e6739631d9c3\">\n#top .hr.hr-invisible.av-m3a6rjgm-72438eb2c6b7a965cc99e6739631d9c3{\nheight:20px;\n}\n<\/style>\n<div  class='hr av-m3a6rjgm-72438eb2c6b7a965cc99e6739631d9c3 hr-invisible  avia-builder-el-10  el_after_av_textblock  el_before_av_image '><span class='hr-inner '><span class=\"hr-inner-style\"><\/span><\/span><\/div>\n\n<style type=\"text\/css\" data-created_by=\"avia_inline_auto\" id=\"style-css-av-22fibe-902c76a6d1a8c60b0f1ec23467c68847\">\n.avia-image-container.av-22fibe-902c76a6d1a8c60b0f1ec23467c68847 img.avia_image{\nbox-shadow:none;\n}\n.avia-image-container.av-22fibe-902c76a6d1a8c60b0f1ec23467c68847 .av-image-caption-overlay-center{\ncolor:#ffffff;\n}\n<\/style>\n<div  class='avia-image-container av-22fibe-902c76a6d1a8c60b0f1ec23467c68847 av-styling- avia-align-center  avia-builder-el-11  el_after_av_hr  el_before_av_hr '   itemprop=\"image\" itemscope=\"itemscope\" itemtype=\"https:\/\/schema.org\/ImageObject\" ><div class=\"avia-image-container-inner\"><div class=\"avia-image-overlay-wrap\"><img decoding=\"async\" class='wp-image-8813 avia-img-lazy-loading-not-8813 avia_image ' src=\"https:\/\/www.hericsportsloisirs.fr\/blog\/wp-content\/uploads\/2024\/11\/Capture-decran-2024-11-09-a-13.51.44.png\" alt='' title='Capture d\u2019\u00e9cran 2024-11-09 \u00e0 13.51.44'  height=\"246\" width=\"1092\"  itemprop=\"thumbnailUrl\" srcset=\"https:\/\/www.hericsportsloisirs.fr\/blog\/wp-content\/uploads\/2024\/11\/Capture-decran-2024-11-09-a-13.51.44.png 1092w, https:\/\/www.hericsportsloisirs.fr\/blog\/wp-content\/uploads\/2024\/11\/Capture-decran-2024-11-09-a-13.51.44-300x68.png 300w, https:\/\/www.hericsportsloisirs.fr\/blog\/wp-content\/uploads\/2024\/11\/Capture-decran-2024-11-09-a-13.51.44-1030x232.png 1030w, https:\/\/www.hericsportsloisirs.fr\/blog\/wp-content\/uploads\/2024\/11\/Capture-decran-2024-11-09-a-13.51.44-768x173.png 768w, https:\/\/www.hericsportsloisirs.fr\/blog\/wp-content\/uploads\/2024\/11\/Capture-decran-2024-11-09-a-13.51.44-705x159.png 705w\" sizes=\"(max-width: 1092px) 100vw, 1092px\" \/><\/div><\/div><\/div>\n\n<style type=\"text\/css\" data-created_by=\"avia_inline_auto\" id=\"style-css-av-m3a6t55n-ff5f705795a671ec79868f9e7df22cd7\">\n#top .hr.hr-invisible.av-m3a6t55n-ff5f705795a671ec79868f9e7df22cd7{\nheight:20px;\n}\n<\/style>\n<div  class='hr av-m3a6t55n-ff5f705795a671ec79868f9e7df22cd7 hr-invisible  avia-builder-el-12  el_after_av_image  el_before_av_textblock '><span class='hr-inner '><span class=\"hr-inner-style\"><\/span><\/span><\/div>\n<section  class='av_textblock_section av-m3a692xb-b8f3676e677c98e10a7559b3b7ab77b1 '   itemscope=\"itemscope\" itemtype=\"https:\/\/schema.org\/CreativeWork\" ><div class='avia_textblock'  itemprop=\"text\" ><div style=\"text-align: center;\">Les commandes sont possibles sur notre boutique en ligne <strong>jusqu&rsquo;en 2026<\/strong>.<\/div>\n<div style=\"text-align: center;\">Lors de votre commande, vous pouvez choisir entre<\/div>\n<div style=\"text-align: center;\"><strong>une livraison \u00e0 domicile (9\u20ac) ou au magasin (gratuit)<\/strong><\/div>\n<div><\/div>\n<div><\/div>\n<\/div><\/section>\n\n<style type=\"text\/css\" data-created_by=\"avia_inline_auto\" id=\"style-css-av-m3a6ym4h-d840feac9d61200258ee1d3c31029184\">\n#top .hr.hr-invisible.av-m3a6ym4h-d840feac9d61200258ee1d3c31029184{\nheight:20px;\n}\n<\/style>\n<div  class='hr av-m3a6ym4h-d840feac9d61200258ee1d3c31029184 hr-invisible  avia-builder-el-14  el_after_av_textblock  el_before_av_textblock '><span class='hr-inner '><span class=\"hr-inner-style\"><\/span><\/span><\/div>\n<section  class='av_textblock_section av-m3a6yb1w-f5330be8e62d68a2e8af27d2f8939931 '   itemscope=\"itemscope\" itemtype=\"https:\/\/schema.org\/CreativeWork\" ><div class='avia_textblock'  itemprop=\"text\" ><h4 style=\"text-align: center;\"><span style=\"color: #33cccc;\"><a style=\"color: #33cccc;\" href=\"https:\/\/www.google.com\/maps\/place\/OJ+Sports+et+Entreprises\/@47.263606,-1.47898,903m\/data=!3m2!1e3!4b1!4m6!3m5!1s0x4805e54a0dcc612b:0x423307f594bf36d2!8m2!3d47.263606!4d-1.47898!16s%2Fg%2F11qmlt59l6?entry=ttu&#038;g_ep=EgoyMDI0MTEwNi4wIKXMDSoASAFQAw%3D%3D\" target=\"_blank\" rel=\"noopener\">OJ Sports: 10 Rue Edouard Branly 44980 Sainte Luce\/Loire<\/a><\/span><\/h4>\n<\/div><\/section>\n\n<style type=\"text\/css\" data-created_by=\"avia_inline_auto\" id=\"style-css-av-m3a6vgwn-6b91cc8195cef612c6b20e9b15519f57\">\n#top .hr.hr-invisible.av-m3a6vgwn-6b91cc8195cef612c6b20e9b15519f57{\nheight:20px;\n}\n<\/style>\n<div  class='hr av-m3a6vgwn-6b91cc8195cef612c6b20e9b15519f57 hr-invisible  avia-builder-el-16  el_after_av_textblock  el_before_av_textblock '><span class='hr-inner '><span class=\"hr-inner-style\"><\/span><\/span><\/div>\n<section  class='av_textblock_section av-m3a6v9d0-582b12724eb07b9eb492c940d842b071 '   itemscope=\"itemscope\" itemtype=\"https:\/\/schema.org\/CreativeWork\" ><div class='avia_textblock'  itemprop=\"text\" ><div style=\"text-align: center;\">Nous vous conseillons la livraison en magasin.<\/div>\n<div style=\"text-align: center;\">Si vous n&rsquo;avez pas la possibilit\u00e9\u00a0d&rsquo;aller r\u00e9cup\u00e9rer la commande au magasin,<\/div>\n<div style=\"text-align: center;\">merci de prendre contact avec nous afin de vous proposer une solution.<\/div>\n<div style=\"text-align: center;\">(Certaines personnes travaillant sur le secteur pourront faire<\/div>\n<div style=\"text-align: center;\">un petit d\u00e9tour pour r\u00e9cup\u00e9rer votre commande)<\/div>\n<\/div><\/section>\n\n<style type=\"text\/css\" data-created_by=\"avia_inline_auto\" id=\"style-css-av-m3a6tgwo-c1389d609bdf0dddc41831cef76520fd\">\n#top .hr.hr-invisible.av-m3a6tgwo-c1389d609bdf0dddc41831cef76520fd{\nheight:20px;\n}\n<\/style>\n<div  class='hr av-m3a6tgwo-c1389d609bdf0dddc41831cef76520fd hr-invisible  avia-builder-el-18  el_after_av_textblock  el_before_av_image '><span class='hr-inner '><span class=\"hr-inner-style\"><\/span><\/span><\/div>\n\n<style type=\"text\/css\" data-created_by=\"avia_inline_auto\" id=\"style-css-av-m3a6bi09-80ca4f312fc2e1830c90e898f5315e28\">\n.avia-image-container.av-m3a6bi09-80ca4f312fc2e1830c90e898f5315e28 img.avia_image{\nbox-shadow:none;\n}\n.avia-image-container.av-m3a6bi09-80ca4f312fc2e1830c90e898f5315e28 .av-image-caption-overlay-center{\ncolor:#ffffff;\n}\n<\/style>\n<div  class='avia-image-container av-m3a6bi09-80ca4f312fc2e1830c90e898f5315e28 av-styling- avia-align-center  avia-builder-el-19  el_after_av_hr  avia-builder-el-last '   itemprop=\"image\" itemscope=\"itemscope\" itemtype=\"https:\/\/schema.org\/ImageObject\" ><div class=\"avia-image-container-inner\"><div class=\"avia-image-overlay-wrap\"><img decoding=\"async\" class='wp-image-8814 avia-img-lazy-loading-not-8814 avia_image ' src=\"https:\/\/www.hericsportsloisirs.fr\/blog\/wp-content\/uploads\/2024\/11\/Capture-decran-2024-11-09-a-14.00.05-300x142.png\" alt='' title='Capture d\u2019\u00e9cran 2024-11-09 \u00e0 14.00.05'  height=\"142\" width=\"300\"  itemprop=\"thumbnailUrl\" srcset=\"https:\/\/www.hericsportsloisirs.fr\/blog\/wp-content\/uploads\/2024\/11\/Capture-decran-2024-11-09-a-14.00.05-300x142.png 300w, https:\/\/www.hericsportsloisirs.fr\/blog\/wp-content\/uploads\/2024\/11\/Capture-decran-2024-11-09-a-14.00.05-1030x488.png 1030w, https:\/\/www.hericsportsloisirs.fr\/blog\/wp-content\/uploads\/2024\/11\/Capture-decran-2024-11-09-a-14.00.05-768x364.png 768w, https:\/\/www.hericsportsloisirs.fr\/blog\/wp-content\/uploads\/2024\/11\/Capture-decran-2024-11-09-a-14.00.05-705x334.png 705w, https:\/\/www.hericsportsloisirs.fr\/blog\/wp-content\/uploads\/2024\/11\/Capture-decran-2024-11-09-a-14.00.05.png 1350w\" sizes=\"(max-width: 300px) 100vw, 300px\" \/><\/div><\/div><\/div>\n","protected":false},"excerpt":{"rendered":"","protected":false},"author":6,"featured_media":0,"parent":0,"menu_order":0,"comment_status":"open","ping_status":"open","template":"","meta":{"footnotes":""},"class_list":["post-5162","page","type-page","status-publish","hentry"],"_links":{"self":[{"href":"https:\/\/www.hericsportsloisirs.fr\/blog\/wp-json\/wp\/v2\/pages\/5162","targetHints":{"allow":["GET"]}}],"collection":[{"href":"https:\/\/www.hericsportsloisirs.fr\/blog\/wp-json\/wp\/v2\/pages"}],"about":[{"href":"https:\/\/www.hericsportsloisirs.fr\/blog\/wp-json\/wp\/v2\/types\/page"}],"author":[{"embeddable":true,"href":"https:\/\/www.hericsportsloisirs.fr\/blog\/wp-json\/wp\/v2\/users\/6"}],"replies":[{"embeddable":true,"href":"https:\/\/www.hericsportsloisirs.fr\/blog\/wp-json\/wp\/v2\/comments?post=5162"}],"version-history":[{"count":24,"href":"https:\/\/www.hericsportsloisirs.fr\/blog\/wp-json\/wp\/v2\/pages\/5162\/revisions"}],"predecessor-version":[{"id":8837,"href":"https:\/\/www.hericsportsloisirs.fr\/blog\/wp-json\/wp\/v2\/pages\/5162\/revisions\/8837"}],"wp:attachment":[{"href":"https:\/\/www.hericsportsloisirs.fr\/blog\/wp-json\/wp\/v2\/media?parent=5162"}],"curies":[{"name":"wp","href":"https:\/\/api.w.org\/{rel}","templated":true}]}}