{"id":31,"date":"2014-12-07T10:16:48","date_gmt":"2014-12-07T09:16:48","guid":{"rendered":"http:\/\/www.hericsportsloisirs.fr\/blog\/?page_id=31"},"modified":"2015-10-10T14:23:47","modified_gmt":"2015-10-10T13:23:47","slug":"portfolio","status":"publish","type":"page","link":"https:\/\/www.hericsportsloisirs.fr\/blog\/portfolio\/","title":{"rendered":"Portfolio"},"content":{"rendered":"<div id='av_section_1'  class='avia-section av-av_section-f3a14992d64e9ae5ac762caafe2c961b main_color avia-section-default avia-no-shadow  avia-builder-el-0  avia-builder-el-no-sibling  avia-bg-style-scroll container_wrap sidebar_right'  ><div class='container av-section-cont-open' ><main  role=\"main\" itemprop=\"mainContentOfPage\"  class='template-page content  av-content-small alpha units'><div class='post-entry post-entry-type-page post-entry-31'><div class='entry-content-wrapper clearfix'>\n<div class='portfolio_preview_container ' data-portfolio-id='1'>\n\t\t\t\t\t\t\t\t<div class='ajax_controlls iconfont'>\n\t\t\t\t\t\t\t\t\t<a href='#prev' class='ajax_previous' \taria-hidden='true' data-av_icon='\ue878' data-av_iconfont='entypo-fontello'><\/a>\n\t\t\t\t\t\t\t\t\t<a href='#next' class='ajax_next'\t\taria-hidden='true' data-av_icon='\ue879' data-av_iconfont='entypo-fontello'><\/a>\n\t\t\t\t\t\t\t\t\t<a class='avia_close' href='#close'\t\taria-hidden='true' data-av_icon='\ue814' data-av_iconfont='entypo-fontello'><\/a>\n\t\t\t\t\t\t\t\t<\/div>\n\t\t\t\t\t\t\t\t<div class='portfolio-details-inner'><\/div>\n\t\t\t\t\t\t\t<\/div><div  id=\"av-sc-portfolio-1\"  class=' grid-sort-container isotope   no_margin-container with-excerpt-container grid-total-even grid-col-5 grid-links-ajax' data-portfolio-id='1'><div data-ajax-id='6971' class=' grid-entry flex_column isotope-item all_sort no_margin post-entry post-entry-6971 grid-entry-overview grid-loop-1 grid-parity-odd  tournoi_sort  av_one_fifth first default_av_fullwidth '><article class='main_color inner-entry'  itemscope=\"itemscope\" itemtype=\"https:\/\/schema.org\/CreativeWork\" ><a href=\"http:\/\/www.hericsportsloisirs.fr\/blog\/portfolio-item\/tournoi-dheric-le-19112017-2\/\" title='Tournoi d&rsquo;H\u00e9ric le 20\/03\/2022'  data-rel='grid-1' class='grid-image avia-hover-fx'> <img decoding=\"async\" width=\"213\" height=\"185\" src=\"https:\/\/www.hericsportsloisirs.fr\/blog\/wp-content\/uploads\/2014\/12\/logo_enfold_carre-213x185.png\" class=\"wp-image-443 avia-img-lazy-loading-not-443 attachment-portfolio_small size-portfolio_small wp-post-image\" alt=\"\" \/><\/a><div class='grid-content'><div class='avia-arrow'><\/div><header class=\"entry-content-header\"><h3 class='grid-entry-title entry-title '  itemprop=\"headline\" >Tournoi d&rsquo;H\u00e9ric le 20\/03\/2022<\/h3><\/header><\/div><footer class=\"entry-footer\"><\/footer><\/article><\/div><div data-ajax-id='5067' class=' grid-entry flex_column isotope-item all_sort no_margin post-entry post-entry-5067 grid-entry-overview grid-loop-2 grid-parity-even  randonnee_sort  av_one_fifth  default_av_fullwidth '><article class='main_color inner-entry'  itemscope=\"itemscope\" itemtype=\"https:\/\/schema.org\/CreativeWork\" ><a href=\"https:\/\/www.hericsportsloisirs.fr\/blog\/?post_type=portfolio&amp;p=5067&amp;preview=true\" title='Week-end Ile d&rsquo;Yeu les 18 et 19 mai 2019'  data-rel='grid-1' class='grid-image avia-hover-fx'> <img decoding=\"async\" width=\"260\" height=\"156\" src=\"https:\/\/www.hericsportsloisirs.fr\/blog\/wp-content\/uploads\/2014\/12\/logo_enfold1-260x156.png\" class=\"wp-image-1452 avia-img-lazy-loading-not-1452 attachment-portfolio_small size-portfolio_small wp-post-image\" alt=\"\" \/><\/a><div class='grid-content'><div class='avia-arrow'><\/div><header class=\"entry-content-header\"><h3 class='grid-entry-title entry-title '  itemprop=\"headline\" >Week-end Ile d&rsquo;Yeu les 18 et 19 mai 2019<\/h3><\/header><\/div><footer class=\"entry-footer\"><\/footer><\/article><\/div><div data-ajax-id='3804' class=' grid-entry flex_column isotope-item all_sort no_margin post-entry post-entry-3804 grid-entry-overview grid-loop-3 grid-parity-odd  pique-nique_sort  av_one_fifth  default_av_fullwidth '><article class='main_color inner-entry'  itemscope=\"itemscope\" itemtype=\"https:\/\/schema.org\/CreativeWork\" ><a href=\"https:\/\/www.hericsportsloisirs.fr\/blog\/?post_type=portfolio&amp;p=3804&amp;preview=true\" title='Pique-Nique HSL le 2 juin 2018'  data-rel='grid-1' class='grid-image avia-hover-fx'> <img decoding=\"async\" width=\"260\" height=\"156\" src=\"https:\/\/www.hericsportsloisirs.fr\/blog\/wp-content\/uploads\/2014\/12\/logo_enfold1-260x156.png\" class=\"wp-image-1452 avia-img-lazy-loading-not-1452 attachment-portfolio_small size-portfolio_small wp-post-image\" alt=\"\" \/><\/a><div class='grid-content'><div class='avia-arrow'><\/div><header class=\"entry-content-header\"><h3 class='grid-entry-title entry-title '  itemprop=\"headline\" >Pique-Nique HSL le 2 juin 2018<\/h3><\/header><\/div><footer class=\"entry-footer\"><\/footer><\/article><\/div><div data-ajax-id='3715' class=' grid-entry flex_column isotope-item all_sort no_margin post-entry post-entry-3715 grid-entry-overview grid-loop-4 grid-parity-even  tournoi_sort  av_one_fifth  default_av_fullwidth '><article class='main_color inner-entry'  itemscope=\"itemscope\" itemtype=\"https:\/\/schema.org\/CreativeWork\" ><a href=\"https:\/\/www.hericsportsloisirs.fr\/blog\/?post_type=portfolio&amp;p=3715&amp;preview=true\" title='Finale Championnat Intercommunal Mixte et Hommes 25 mai 2018'  data-rel='grid-1' class='grid-image avia-hover-fx'> <img decoding=\"async\" width=\"260\" height=\"185\" src=\"https:\/\/www.hericsportsloisirs.fr\/blog\/wp-content\/uploads\/2017\/11\/RF03157FC-260x185.jpg\" class=\"wp-image-2692 avia-img-lazy-loading-not-2692 attachment-portfolio_small size-portfolio_small wp-post-image\" alt=\"\" \/><\/a><div class='grid-content'><div class='avia-arrow'><\/div><header class=\"entry-content-header\"><h3 class='grid-entry-title entry-title '  itemprop=\"headline\" >Finale Championnat Intercommunal Mixte et Hommes 25 mai 2018<\/h3><\/header><\/div><footer class=\"entry-footer\"><\/footer><\/article><\/div><div data-ajax-id='3384' class=' grid-entry flex_column isotope-item all_sort no_margin post-entry post-entry-3384 grid-entry-overview grid-loop-5 grid-parity-odd  tournoi_sort  av_one_fifth  default_av_fullwidth '><article class='main_color inner-entry'  itemscope=\"itemscope\" itemtype=\"https:\/\/schema.org\/CreativeWork\" ><a href=\"http:\/\/www.hericsportsloisirs.fr\/blog\/portfolio-item\/tournoi-heric-le-18-mars-2018\/ \" title='Tournoi HERIC le 18 mars 2018'  data-rel='grid-1' class='grid-image avia-hover-fx'> <img decoding=\"async\" width=\"213\" height=\"185\" src=\"https:\/\/www.hericsportsloisirs.fr\/blog\/wp-content\/uploads\/2017\/10\/logo_carre-213x185.png\" class=\"wp-image-1888 avia-img-lazy-loading-not-1888 attachment-portfolio_small size-portfolio_small wp-post-image\" alt=\"H\u00e9ric Sports Loisirs\" \/><\/a><div class='grid-content'><div class='avia-arrow'><\/div><header class=\"entry-content-header\"><h3 class='grid-entry-title entry-title '  itemprop=\"headline\" >Tournoi HERIC le 18 mars 2018<\/h3><\/header><\/div><footer class=\"entry-footer\"><\/footer><\/article><\/div><div data-ajax-id='2980' class=' grid-entry flex_column isotope-item all_sort no_margin post-entry post-entry-2980 grid-entry-overview grid-loop-6 grid-parity-even  galette-des-rois_sort  av_one_fifth first default_av_fullwidth '><article class='main_color inner-entry'  itemscope=\"itemscope\" itemtype=\"https:\/\/schema.org\/CreativeWork\" ><a href=\"http:\/\/www.hericsportsloisirs.fr\/blog\/portfolio-item\/galette-des-rois-etou-apres-midi-sportive\/\" title='Galette des rois et\/ou apr\u00e8s-midi sportive le 21 janvier 2018'  data-rel='grid-1' class='grid-image avia-hover-fx'> <img decoding=\"async\" width=\"260\" height=\"185\" src=\"https:\/\/www.hericsportsloisirs.fr\/blog\/wp-content\/uploads\/2017\/12\/Galette-des-Rois_landscape1-400x224-260x185.jpg\" class=\"wp-image-2546 avia-img-lazy-loading-not-2546 attachment-portfolio_small size-portfolio_small wp-post-image\" alt=\"\" \/><\/a><div class='grid-content'><div class='avia-arrow'><\/div><header class=\"entry-content-header\"><h3 class='grid-entry-title entry-title '  itemprop=\"headline\" >Galette des rois et\/ou apr\u00e8s-midi sportive le 21 janvier 2018<\/h3><\/header><\/div><footer class=\"entry-footer\"><\/footer><\/article><\/div><div data-ajax-id='2568' class=' grid-entry flex_column isotope-item all_sort no_margin post-entry post-entry-2568 grid-entry-overview grid-loop-7 grid-parity-odd  tournoi_sort  av_one_fifth  default_av_fullwidth '><article class='main_color inner-entry'  itemscope=\"itemscope\" itemtype=\"https:\/\/schema.org\/CreativeWork\" ><a href=\"http:\/\/www.hericsportsloisirs.fr\/blog\/portfolio-item\/tournoi-jeunes-interne-le-9-decembre-2017\/\" title='Tournoi Jeunes Interne le 9 d\u00e9cembre 2017'  data-rel='grid-1' class='grid-image avia-hover-fx'> <img decoding=\"async\" width=\"260\" height=\"185\" src=\"https:\/\/www.hericsportsloisirs.fr\/blog\/wp-content\/uploads\/2017\/12\/plumy-badminton1-e1513063494796-260x185.jpg\" class=\"wp-image-2677 avia-img-lazy-loading-not-2677 attachment-portfolio_small size-portfolio_small wp-post-image\" alt=\"\" \/><\/a><div class='grid-content'><div class='avia-arrow'><\/div><header class=\"entry-content-header\"><h3 class='grid-entry-title entry-title '  itemprop=\"headline\" >Tournoi Jeunes Interne le 9 d\u00e9cembre 2017<\/h3><\/header><\/div><footer class=\"entry-footer\"><\/footer><\/article><\/div><div data-ajax-id='2079' class=' grid-entry flex_column isotope-item all_sort no_margin post-entry post-entry-2079 grid-entry-overview grid-loop-8 grid-parity-even  tournoi_sort  av_one_fifth  default_av_fullwidth '><article class='main_color inner-entry'  itemscope=\"itemscope\" itemtype=\"https:\/\/schema.org\/CreativeWork\" ><a href=\"http:\/\/www.hericsportsloisirs.fr\/blog\/portfolio-item\/tournoi-dheric-le-19112017-2\/\" title='Tournoi d&rsquo;H\u00e9ric le 19\/11\/2017'  data-rel='grid-1' class='grid-image avia-hover-fx'> <img decoding=\"async\" width=\"213\" height=\"185\" src=\"https:\/\/www.hericsportsloisirs.fr\/blog\/wp-content\/uploads\/2014\/12\/logo_enfold_carre-213x185.png\" class=\"wp-image-443 avia-img-lazy-loading-not-443 attachment-portfolio_small size-portfolio_small wp-post-image\" alt=\"\" \/><\/a><div class='grid-content'><div class='avia-arrow'><\/div><header class=\"entry-content-header\"><h3 class='grid-entry-title entry-title '  itemprop=\"headline\" >Tournoi d&rsquo;H\u00e9ric le 19\/11\/2017<\/h3><\/header><\/div><footer class=\"entry-footer\"><\/footer><\/article><\/div><div data-ajax-id='1358' class=' grid-entry flex_column isotope-item all_sort no_margin post-entry post-entry-1358 grid-entry-overview grid-loop-9 grid-parity-odd  assemblee-generale_sort pique-nique_sort  av_one_fifth  default_av_fullwidth '><article class='main_color inner-entry'  itemscope=\"itemscope\" itemtype=\"https:\/\/schema.org\/CreativeWork\" ><a href=\"http:\/\/www.hericsportsloisirs.fr\/blog\/portfolio-item\/assemblee-generale-et-pique-nique\/\" title='Assembl\u00e9e g\u00e9n\u00e9rale et pique-nique 2015'  data-rel='grid-1' class='grid-image avia-hover-fx'> <img decoding=\"async\" width=\"213\" height=\"185\" src=\"https:\/\/www.hericsportsloisirs.fr\/blog\/wp-content\/uploads\/2014\/12\/logo_enfold_carre-213x185.png\" class=\"wp-image-443 avia-img-lazy-loading-not-443 attachment-portfolio_small size-portfolio_small wp-post-image\" alt=\"\" \/><\/a><div class='grid-content'><div class='avia-arrow'><\/div><header class=\"entry-content-header\"><h3 class='grid-entry-title entry-title '  itemprop=\"headline\" >Assembl\u00e9e g\u00e9n\u00e9rale et pique-nique 2015<\/h3><\/header><\/div><footer class=\"entry-footer\"><\/footer><\/article><\/div><div data-ajax-id='1176' class=' grid-entry flex_column isotope-item all_sort no_margin post-entry post-entry-1176 grid-entry-overview grid-loop-10 grid-parity-even  post-entry-last  tournoi_sort  av_one_fifth  default_av_fullwidth '><article class='main_color inner-entry'  itemscope=\"itemscope\" itemtype=\"https:\/\/schema.org\/CreativeWork\" ><a href=\"http:\/\/www.hericsportsloisirs.fr\/blog\/portfolio-item\/tournoi-dheric-le-29032015\/\" title='Tournoi d&rsquo;H\u00e9ric le 29\/03\/2015'  data-rel='grid-1' class='grid-image avia-hover-fx'> <img decoding=\"async\" width=\"213\" height=\"185\" src=\"https:\/\/www.hericsportsloisirs.fr\/blog\/wp-content\/uploads\/2014\/12\/logo_enfold_carre-213x185.png\" class=\"wp-image-443 avia-img-lazy-loading-not-443 attachment-portfolio_small size-portfolio_small wp-post-image\" alt=\"\" \/><\/a><div class='grid-content'><div class='avia-arrow'><\/div><header class=\"entry-content-header\"><h3 class='grid-entry-title entry-title '  itemprop=\"headline\" >Tournoi d&rsquo;H\u00e9ric le 29\/03\/2015<\/h3><\/header><\/div><footer class=\"entry-footer\"><\/footer><\/article><\/div><\/div><div class='pagination-wrap  '><nav class='pagination'><span class='pagination-meta'>Page 1 sur 2<\/span><span class='current'>1<\/span><a href='https:\/\/www.hericsportsloisirs.fr\/blog\/wp-json\/wp\/v2\/pages\/31\/?avia-element-paging=2' class='inactive next_page' >2<\/a><\/nav>\n<\/div>\n<\/div><\/div><\/main><!-- close content main element --><\/div><\/div><div id='after_section_1'  class='main_color av_default_container_wrap container_wrap sidebar_right'  ><div class='container av-section-cont-open' ><div class='template-page content  av-content-small alpha units'><div class='post-entry post-entry-type-page post-entry-31'><div class='entry-content-wrapper clearfix'>\n","protected":false},"excerpt":{"rendered":"","protected":false},"author":1,"featured_media":0,"parent":0,"menu_order":0,"comment_status":"open","ping_status":"open","template":"","meta":{"footnotes":""},"class_list":["post-31","page","type-page","status-publish","hentry"],"_links":{"self":[{"href":"https:\/\/www.hericsportsloisirs.fr\/blog\/wp-json\/wp\/v2\/pages\/31","targetHints":{"allow":["GET"]}}],"collection":[{"href":"https:\/\/www.hericsportsloisirs.fr\/blog\/wp-json\/wp\/v2\/pages"}],"about":[{"href":"https:\/\/www.hericsportsloisirs.fr\/blog\/wp-json\/wp\/v2\/types\/page"}],"author":[{"embeddable":true,"href":"https:\/\/www.hericsportsloisirs.fr\/blog\/wp-json\/wp\/v2\/users\/1"}],"replies":[{"embeddable":true,"href":"https:\/\/www.hericsportsloisirs.fr\/blog\/wp-json\/wp\/v2\/comments?post=31"}],"version-history":[{"count":23,"href":"https:\/\/www.hericsportsloisirs.fr\/blog\/wp-json\/wp\/v2\/pages\/31\/revisions"}],"predecessor-version":[{"id":741,"href":"https:\/\/www.hericsportsloisirs.fr\/blog\/wp-json\/wp\/v2\/pages\/31\/revisions\/741"}],"wp:attachment":[{"href":"https:\/\/www.hericsportsloisirs.fr\/blog\/wp-json\/wp\/v2\/media?parent=31"}],"curies":[{"name":"wp","href":"https:\/\/api.w.org\/{rel}","templated":true}]}}