{"id":28,"date":"2014-12-07T10:15:05","date_gmt":"2014-12-07T09:15:05","guid":{"rendered":"http:\/\/www.hericsportsloisirs.fr\/blog\/?page_id=28"},"modified":"2025-11-24T09:37:22","modified_gmt":"2025-11-24T08:37:22","slug":"contact","status":"publish","type":"page","link":"https:\/\/www.hericsportsloisirs.fr\/blog\/contact\/","title":{"rendered":"Contact"},"content":{"rendered":"<div id='av-layout-grid-1'  class='av-layout-grid-container av-egdic-6c39d3132a12df778ac87081dc43de0a entry-content-wrapper alternate_color av-flex-cells  avia-builder-el-0  el_before_av_layout_row  avia-builder-el-first   container_wrap sidebar_right'  >\n\n<style type=\"text\/css\" data-created_by=\"avia_inline_auto\" id=\"style-css-av-dt6xw-a1fd98a851c02bdc264ec531da668678\">\n.flex_cell.av-dt6xw-a1fd98a851c02bdc264ec531da668678{\nvertical-align:top;\n}\n.responsive #top #wrap_all .flex_cell.av-dt6xw-a1fd98a851c02bdc264ec531da668678{\npadding:30px 10px 10px 20px !important;\n}\n<\/style>\n<div class='flex_cell av-dt6xw-a1fd98a851c02bdc264ec531da668678 av-gridrow-cell av_one_full no_margin  avia-builder-el-1  avia-builder-el-no-sibling '  ><div class='flex_cell_inner'><article  class='iconbox iconbox_top av-m125fszj-d357a16a143a201b855651758573f632  avia-builder-el-2  el_before_av_hr  avia-builder-el-first  main_color'  itemscope=\"itemscope\" itemtype=\"https:\/\/schema.org\/CreativeWork\" ><div class=\"iconbox_content\"><header class=\"entry-content-header\"><div class=\"iconbox_icon heading-color\" aria-hidden='true' data-av_icon='\ue80b' data-av_iconfont='entypo-fontello'><\/div><\/header><div class='iconbox_content_container '  itemprop=\"text\" ><h3><span style=\"color: #008080;\">BUREAU 2025\/2026<\/span><\/h3>\n<p><span style=\"color: #000000;\"><strong>Pr\u00e9sidente:<\/strong> <\/span>Enora HERVIOU<\/p>\n<p><span style=\"color: #000000;\"><strong>Vice-Pr\u00e9sident:<\/strong><\/span> Bruno LAVIRON<\/p>\n<p><span style=\"color: #000000;\"><strong>Tr\u00e9sorier:<\/strong><\/span> Laurent BENARD<\/p>\n<p><span style=\"color: #000000;\"><strong>Tr\u00e9sori\u00e8re Adjointe:<\/strong> <\/span>Ana\u00efs ROUSSEAU<\/p>\n<p><span style=\"color: #000000;\"><strong>Secr\u00e9taire:<\/strong> <\/span>St\u00e9phanie HERVIOU<\/p>\n<p><span style=\"color: #000000;\"><strong>Secr\u00e9taire Adjoint:<\/strong> <\/span>Kilian HERVIOU<\/p>\n<\/div><\/div><footer class=\"entry-footer\"><\/footer><\/article><br \/>\n\n<style type=\"text\/css\" data-created_by=\"avia_inline_auto\" id=\"style-css-av-m125gc46-5cb8e0d5948c8d974e819e5f888b1d1e\">\n#top .hr.hr-invisible.av-m125gc46-5cb8e0d5948c8d974e819e5f888b1d1e{\nheight:50px;\n}\n<\/style>\n<div  class='hr av-m125gc46-5cb8e0d5948c8d974e819e5f888b1d1e hr-invisible  avia-builder-el-3  el_after_av_icon_box  el_before_av_icon_box '><span class='hr-inner '><span class=\"hr-inner-style\"><\/span><\/span><\/div><br \/>\n<article  class='iconbox iconbox_top av-1d1x0-321a351f9718657240681c02b6a4b729  avia-builder-el-4  el_after_av_hr  avia-builder-el-last  main_color'  itemscope=\"itemscope\" itemtype=\"https:\/\/schema.org\/CreativeWork\" ><div class=\"iconbox_content\"><header class=\"entry-content-header\"><div class=\"iconbox_icon heading-color\" aria-hidden='true' data-av_icon='\ue854' data-av_iconfont='entypo-fontello'><\/div><h3 class='iconbox_content_title '  itemprop=\"headline\" >Enora HERVIOU<\/h3><\/header><div class='iconbox_content_container '  itemprop=\"text\" ><p style=\"text-align: left;\"><strong>\u00a0<\/strong><\/p>\n<p style=\"text-align: center;\">\n<style type=\"text\/css\" data-created_by=\"avia_inline_auto\" id=\"style-css-av-d1jkk-61764e79e7cd3cd4d3e89bb6e6e3b334\">\n.av_font_icon.av-d1jkk-61764e79e7cd3cd4d3e89bb6e6e3b334{\ncolor:#0097aa;\nborder-color:#0097aa;\n}\n.av_font_icon.av-d1jkk-61764e79e7cd3cd4d3e89bb6e6e3b334 .av-icon-char{\nfont-size:20px;\nline-height:20px;\n}\n<\/style>\n<span  class='av_font_icon av-d1jkk-61764e79e7cd3cd4d3e89bb6e6e3b334 avia_animate_when_visible av-icon-style- avia-icon-pos-middle avia-icon-animate'><span class='av-icon-char' aria-hidden='true' data-av_icon='\ue854' data-av_iconfont='entypo-fontello' ><\/span><\/span> \u00a007.83.89.45.13<\/p>\n<p style=\"text-align: center;\">\n<style type=\"text\/css\" data-created_by=\"avia_inline_auto\" id=\"style-css-av-cdcw4-5356e2fce496070444d04931b8b5820f\">\n.av_font_icon.av-cdcw4-5356e2fce496070444d04931b8b5820f{\ncolor:#0097aa;\nborder-color:#0097aa;\n}\n.av_font_icon.av-cdcw4-5356e2fce496070444d04931b8b5820f .av-icon-char{\nfont-size:20px;\nline-height:20px;\n}\n<\/style>\n<span  class='av_font_icon av-cdcw4-5356e2fce496070444d04931b8b5820f avia_animate_when_visible av-icon-style- avia-icon-pos-middle avia-icon-animate'><span class='av-icon-char' aria-hidden='true' data-av_icon='\ue805' data-av_iconfont='entypo-fontello' ><\/span><\/span> hbc44810@gmail.com<\/p>\n<p style=\"text-align: left;\"><strong><a href=\"https:\/\/www.hericsportsloisirs.fr\/blog\/wp-content\/uploads\/2014\/12\/chaussure130x130.png\"><img loading=\"lazy\" decoding=\"async\" class=\"size-thumbnail wp-image-115 aligncenter\" src=\"http:\/\/www.hericsportsloisirs.fr\/blog\/wp-content\/uploads\/2014\/12\/554da44788afb568173c8291faac3542-80x80.png\" alt=\"554da44788afb568173c8291faac3542\" width=\"80\" height=\"80\" srcset=\"https:\/\/www.hericsportsloisirs.fr\/blog\/wp-content\/uploads\/2014\/12\/554da44788afb568173c8291faac3542-80x80.png 80w, https:\/\/www.hericsportsloisirs.fr\/blog\/wp-content\/uploads\/2014\/12\/554da44788afb568173c8291faac3542-36x36.png 36w, https:\/\/www.hericsportsloisirs.fr\/blog\/wp-content\/uploads\/2014\/12\/554da44788afb568173c8291faac3542-120x120.png 120w, https:\/\/www.hericsportsloisirs.fr\/blog\/wp-content\/uploads\/2014\/12\/554da44788afb568173c8291faac3542.png 124w\" sizes=\"auto, (max-width: 80px) 100vw, 80px\" \/><\/a><\/strong><\/p>\n<\/div><\/div><footer class=\"entry-footer\"><\/footer><\/article><\/p>\n<\/div><\/div><\/div><div id='av-layout-grid-2'  class='av-layout-grid-container av-919l8-09e1a5d8ddc3827efa4964b0dd186c88 entry-content-wrapper alternate_color av-flex-cells  avia-builder-el-7  el_after_av_layout_row  avia-builder-el-last  grid-row-not-first  container_wrap sidebar_right'  >\n\n<style type=\"text\/css\" data-created_by=\"avia_inline_auto\" id=\"style-css-av-8p93s-e7af4464079e9018e860ab12aff8dd76\">\n.flex_cell.av-8p93s-e7af4464079e9018e860ab12aff8dd76{\nvertical-align:top;\n}\n.responsive #top #wrap_all .flex_cell.av-8p93s-e7af4464079e9018e860ab12aff8dd76{\npadding:30px 10px 30px 20px !important;\n}\n<\/style>\n<div class='flex_cell av-8p93s-e7af4464079e9018e860ab12aff8dd76 av-gridrow-cell av_two_fifth no_margin  avia-builder-el-8  el_before_av_cell_three_fifth  avia-builder-el-first '  ><div class='flex_cell_inner'><article  class='iconbox iconbox_top av-82w60-60d4be3d45b1a827b26b6135523c37a6  avia-builder-el-9  el_before_av_hr  avia-builder-el-first  main_color'  itemscope=\"itemscope\" itemtype=\"https:\/\/schema.org\/CreativeWork\" ><div class=\"iconbox_content\"><header class=\"entry-content-header\"><div class=\"iconbox_icon heading-color\" aria-hidden='true' data-av_icon='\ue821' data-av_iconfont='entypo-fontello'><\/div><\/header><div class='iconbox_content_container '  itemprop=\"text\" ><p style=\"text-align: left;\">\n<style type=\"text\/css\" data-created_by=\"avia_inline_auto\" id=\"style-css-av-7ayj8-a05d88638a156b4888909a99b9e0c842\">\n.av_font_icon.av-7ayj8-a05d88638a156b4888909a99b9e0c842{\ncolor:#0097aa;\nborder-color:#0097aa;\n}\n.av_font_icon.av-7ayj8-a05d88638a156b4888909a99b9e0c842 .av-icon-char{\nfont-size:20px;\nline-height:20px;\n}\n<\/style>\n<span  class='av_font_icon av-7ayj8-a05d88638a156b4888909a99b9e0c842 avia_animate_when_visible av-icon-style- avia-icon-pos-left avia-icon-animate'><span class='av-icon-char' aria-hidden='true' data-av_icon='\ue805' data-av_iconfont='entypo-fontello' ><\/span><\/span> : hbc44810@gmail.com<\/p>\n<p style=\"text-align: left;\">\n<style type=\"text\/css\" data-created_by=\"avia_inline_auto\" id=\"style-css-av-6u6wo-10c05503147900d90d02ba613a8d2882\">\n.av_font_icon.av-6u6wo-10c05503147900d90d02ba613a8d2882{\ncolor:#0097aa;\nborder-color:#0097aa;\n}\n.av_font_icon.av-6u6wo-10c05503147900d90d02ba613a8d2882 .av-icon-char{\nfont-size:20px;\nline-height:20px;\n}\n<\/style>\n<span  class='av_font_icon av-6u6wo-10c05503147900d90d02ba613a8d2882 avia_animate_when_visible av-icon-style- avia-icon-pos-left avia-icon-animate'><span class='av-icon-char' aria-hidden='true' data-av_icon='\ue821' data-av_iconfont='entypo-fontello' ><\/span><\/span> : Halle de sport, rue des frenouelles 44810 HERIC<\/p>\n<\/div><\/div><footer class=\"entry-footer\"><\/footer><\/article><br \/>\n\n<style type=\"text\/css\" data-created_by=\"avia_inline_auto\" id=\"style-css-av-6ggrs-58059d274ec98541f149f8fe9bce4f76\">\n#top .hr.hr-invisible.av-6ggrs-58059d274ec98541f149f8fe9bce4f76{\nheight:10px;\n}\n<\/style>\n<div  class='hr av-6ggrs-58059d274ec98541f149f8fe9bce4f76 hr-invisible  avia-builder-el-12  el_after_av_icon_box  el_before_av_google_map  avia-builder-el-last '><span class='hr-inner '><span class=\"hr-inner-style\"><\/span><\/span><\/div><br \/>\n<\/p>\n<\/div><\/div>\n<style type=\"text\/css\" data-created_by=\"avia_inline_auto\" id=\"style-css-av-4cp84-df3b6c15ae3ca232adb878bd6ccdd91d\">\n.flex_cell.av-4cp84-df3b6c15ae3ca232adb878bd6ccdd91d{\nvertical-align:top;\n}\n.responsive #top #wrap_all .flex_cell.av-4cp84-df3b6c15ae3ca232adb878bd6ccdd91d{\npadding:35px 20px 30px 10px !important;\n}\n<\/style>\n<div class='flex_cell av-4cp84-df3b6c15ae3ca232adb878bd6ccdd91d av-gridrow-cell av_three_fifth no_margin  avia-builder-el-14  el_after_av_cell_two_fifth  avia-builder-el-last '  ><div class='flex_cell_inner'>\n<style type=\"text\/css\" data-created_by=\"avia_inline_auto\" id=\"style-css-av-3r0d0-cfc89c3e8dd422e6a9805954f752ba09\">\n#top .av_textblock_section.av-3r0d0-cfc89c3e8dd422e6a9805954f752ba09 .avia_textblock{\nfont-size:11px;\n}\n<\/style>\n<section  class='av_textblock_section av-3r0d0-cfc89c3e8dd422e6a9805954f752ba09 '   itemscope=\"itemscope\" itemtype=\"https:\/\/schema.org\/CreativeWork\" ><div class='avia_textblock'  itemprop=\"text\" ><p style=\"text-align: justify;\"><em>Afin que nous puissions vous r\u00e9pondre de fa\u00e7on ad\u00e9quate, merci de bien pr\u00e9ciser l\u2019objet de votre demande et de saisir une adresse E-mail valide. \u00a0Nous nous engageons \u00e0 ne pas diffuser votre adresse mail ni \u00e0 l\u2019utiliser autrement que pour r\u00e9pondre \u00e0 votre demande.<\/em><\/p>\n<\/div><\/section><br \/>\n<form action=\"https:\/\/www.hericsportsloisirs.fr\/blog\/contact\/\" method=\"post\" data-fields-with-error=\"Erreurs trouv\u00e9es dans les champs suivants :\" class=\"avia_ajax_form av-form-labels-visible   avia-builder-el-16  el_after_av_textblock  avia-builder-el-last   \" data-avia-form-id=\"1\" data-avia-redirect='' ><fieldset><p class='  first_form  form_element form_element_three_fourth' id='element_avia_1_1'><label for=\"avia_1_1\">Nom <abbr class=\"required\" title=\"requis(e)\">*<\/abbr><\/label> <input name=\"avia_1_1\" class=\"text_input is_empty\" type=\"text\" id=\"avia_1_1\" value=\"\" \/><\/p><p class='  first_form  form_element form_fullwidth' id='element_avia_2_1'><label for=\"avia_2_1\">Adresse mail <abbr class=\"required\" title=\"requis(e)\">*<\/abbr><\/label> <input name=\"avia_2_1\" class=\"text_input is_email\" type=\"text\" id=\"avia_2_1\" value=\"\" \/><\/p><p class='  first_form  form_element form_fullwidth' id='element_avia_3_1'><label for=\"avia_3_1\">Sujet <abbr class=\"required\" title=\"requis(e)\">*<\/abbr><\/label><select  name=\"avia_3_1\" class=\"select is_empty\" id=\"avia_3_1\"><option   value='Badminton'>Badminton<\/option><option   value='Randonn\u00e9e'>Randonn\u00e9e<\/option><option   value='Autre'>Autre<\/option><\/select><\/p><p class='  first_form  form_element form_fullwidth' id='element_avia_4_1'><label for=\"avia_4_1\" class=\"textare_label hidden textare_label_avia_4_1\">Message <abbr class=\"required\" title=\"requis(e)\">*<\/abbr><\/label><textarea  name=\"avia_4_1\" class=\"text_area is_empty\" cols=\"40\" rows=\"7\" id=\"avia_4_1\" ><\/textarea><\/p><p class=\"hidden\"><input type=\"text\" name=\"avia_5_1\" class=\"hidden \" id=\"avia_5_1\" value=\"\" \/><\/p><p class='   form_element form_fullwidth' id='element_avia_6_1'><span class='value_verifier_label'>3 + 0 = ?<\/span><input name=\"avia_6_1_verifier\" type=\"hidden\" id=\"avia_6_1_verifier\" value=\"732383281\"\/><label for=\"avia_6_1\">Merci de prouver que vous \u00eates un humain en donnant le r\u00e9sultat de cette op\u00e9ration <abbr class=\"required\" title=\"requis(e)\">*<\/abbr><\/label><input name=\"avia_6_1\" class=\"text_input captcha\" type=\"text\" id=\"avia_6_1\" value=\"\"\/><\/p><p class=\"form_element \"><input type=\"hidden\" value=\"1\" name=\"avia_generated_form1\" \/><input type=\"submit\" value=\"Valider\" class=\"button\"  data-sending-label=\"Envoi\"\/><\/p><\/fieldset><\/form><div id=\"ajaxresponse_1\" class=\"ajaxresponse ajaxresponse_1 hidden\"><\/div><\/p>\n<\/div><\/div>\n<\/div><\/p>\n","protected":false},"excerpt":{"rendered":"","protected":false},"author":1,"featured_media":0,"parent":0,"menu_order":0,"comment_status":"open","ping_status":"open","template":"","meta":{"footnotes":""},"class_list":["post-28","page","type-page","status-publish","hentry"],"_links":{"self":[{"href":"https:\/\/www.hericsportsloisirs.fr\/blog\/wp-json\/wp\/v2\/pages\/28","targetHints":{"allow":["GET"]}}],"collection":[{"href":"https:\/\/www.hericsportsloisirs.fr\/blog\/wp-json\/wp\/v2\/pages"}],"about":[{"href":"https:\/\/www.hericsportsloisirs.fr\/blog\/wp-json\/wp\/v2\/types\/page"}],"author":[{"embeddable":true,"href":"https:\/\/www.hericsportsloisirs.fr\/blog\/wp-json\/wp\/v2\/users\/1"}],"replies":[{"embeddable":true,"href":"https:\/\/www.hericsportsloisirs.fr\/blog\/wp-json\/wp\/v2\/comments?post=28"}],"version-history":[{"count":113,"href":"https:\/\/www.hericsportsloisirs.fr\/blog\/wp-json\/wp\/v2\/pages\/28\/revisions"}],"predecessor-version":[{"id":9378,"href":"https:\/\/www.hericsportsloisirs.fr\/blog\/wp-json\/wp\/v2\/pages\/28\/revisions\/9378"}],"wp:attachment":[{"href":"https:\/\/www.hericsportsloisirs.fr\/blog\/wp-json\/wp\/v2\/media?parent=28"}],"curies":[{"name":"wp","href":"https:\/\/api.w.org\/{rel}","templated":true}]}}