{"id":2260,"date":"2017-11-28T08:38:28","date_gmt":"2017-11-28T07:38:28","guid":{"rendered":"http:\/\/www.hericsportsloisirs.fr\/blog\/?page_id=2260"},"modified":"2026-03-25T10:43:34","modified_gmt":"2026-03-25T09:43:34","slug":"championnat-2","status":"publish","type":"page","link":"https:\/\/www.hericsportsloisirs.fr\/blog\/championnat-2\/","title":{"rendered":"Championnat Adultes"},"content":{"rendered":"<div  class='flex_column av-2qr050-5f4c0b1e9c671f0b9cb935866c325fa7 av_one_fourth  avia-builder-el-0  el_before_av_layout_row  avia-builder-el-no-sibling  first flex_column_div  '     ><\/div>\n<\/div><\/div><\/div><!-- close content main div --><\/div><\/div><div id='av-layout-grid-1'  class='av-layout-grid-container av-2gicrms-a7b97690f64f2930cf2c349b235492a9 entry-content-wrapper alternate_color av-flex-cells  avia-builder-el-1  el_after_av_one_fourth  el_before_av_layout_row  grid-row-not-first  container_wrap sidebar_right'  >\n\n<style type=\"text\/css\" data-created_by=\"avia_inline_auto\" id=\"style-css-av-2em0f3o-477f84fdce58c5e4a0d2c672e18f5135\">\n.flex_cell.av-2em0f3o-477f84fdce58c5e4a0d2c672e18f5135{\nvertical-align:top;\n}\n.responsive #top #wrap_all .flex_cell.av-2em0f3o-477f84fdce58c5e4a0d2c672e18f5135{\npadding:30px 30px 30px 30px !important;\n}\n<\/style>\n<div class='flex_cell av-2em0f3o-477f84fdce58c5e4a0d2c672e18f5135 av-gridrow-cell av_one_full no_margin  avia-builder-el-2  avia-builder-el-no-sibling '  ><div class='flex_cell_inner'><p>\n<style type=\"text\/css\" data-created_by=\"avia_inline_auto\" id=\"style-css-av-2dxlv0k-dff1985312cb566760dc82231873ca23\">\n.avia-image-container.av-2dxlv0k-dff1985312cb566760dc82231873ca23 img.avia_image{\nbox-shadow:none;\n}\n.avia-image-container.av-2dxlv0k-dff1985312cb566760dc82231873ca23 .av-image-caption-overlay-center{\ncolor:#ffffff;\n}\n<\/style>\n<div  class='avia-image-container av-2dxlv0k-dff1985312cb566760dc82231873ca23 av-styling-circle avia_animated_image av-animated-when-visible-95 bottom-to-top avia-align-center  avia-builder-el-3  el_before_av_textblock  avia-builder-el-first '   itemprop=\"image\" itemscope=\"itemscope\" itemtype=\"https:\/\/schema.org\/ImageObject\" ><div class=\"avia-image-container-inner\"><div class=\"avia-image-overlay-wrap\"><img decoding=\"async\" class='wp-image-8724 avia-img-lazy-loading-not-8724 avia_image ' src=\"https:\/\/www.hericsportsloisirs.fr\/blog\/wp-content\/uploads\/2024\/09\/shuttlecock-3512875_1280-80x80.jpg\" alt='' title='shuttlecock-3512875_1280'  height=\"80\" width=\"80\"  itemprop=\"thumbnailUrl\" srcset=\"https:\/\/www.hericsportsloisirs.fr\/blog\/wp-content\/uploads\/2024\/09\/shuttlecock-3512875_1280-80x80.jpg 80w, https:\/\/www.hericsportsloisirs.fr\/blog\/wp-content\/uploads\/2024\/09\/shuttlecock-3512875_1280-300x300.jpg 300w, https:\/\/www.hericsportsloisirs.fr\/blog\/wp-content\/uploads\/2024\/09\/shuttlecock-3512875_1280-1030x1030.jpg 1030w, https:\/\/www.hericsportsloisirs.fr\/blog\/wp-content\/uploads\/2024\/09\/shuttlecock-3512875_1280-768x768.jpg 768w, https:\/\/www.hericsportsloisirs.fr\/blog\/wp-content\/uploads\/2024\/09\/shuttlecock-3512875_1280-36x36.jpg 36w, https:\/\/www.hericsportsloisirs.fr\/blog\/wp-content\/uploads\/2024\/09\/shuttlecock-3512875_1280-180x180.jpg 180w, https:\/\/www.hericsportsloisirs.fr\/blog\/wp-content\/uploads\/2024\/09\/shuttlecock-3512875_1280-705x705.jpg 705w, https:\/\/www.hericsportsloisirs.fr\/blog\/wp-content\/uploads\/2024\/09\/shuttlecock-3512875_1280.jpg 1280w\" sizes=\"(max-width: 80px) 100vw, 80px\" \/><\/div><\/div><\/div><br \/>\n\n<style type=\"text\/css\" data-created_by=\"avia_inline_auto\" id=\"style-css-av-2bkj0o4-2417dbc7937c628346c226b5e7e9865a\">\n#top .av_textblock_section.av-2bkj0o4-2417dbc7937c628346c226b5e7e9865a .avia_textblock{\nfont-size:30px;\n}\n<\/style>\n<section  class='av_textblock_section av-2bkj0o4-2417dbc7937c628346c226b5e7e9865a '   itemscope=\"itemscope\" itemtype=\"https:\/\/schema.org\/CreativeWork\" ><div class='avia_textblock'  itemprop=\"text\" ><h1 style=\"text-align: center;\"><span style=\"color: #008080;\"><strong>CHAMPIONNAT\u00a0\u00a0 INTERCOMMUNAL<\/strong><\/span><\/h1>\n<h1 style=\"text-align: center;\"><span style=\"color: #008080;\">Adultes<\/span><\/h1>\n<h2 style=\"text-align: center;\"><span style=\"color: #008080;\">Saison 2025\/2026<\/span><\/h2>\n<p style=\"text-align: center;\">\n<\/div><\/section><\/p>\n<\/div><\/div>\n<\/div>\n<div id='av-layout-grid-2'  class='av-layout-grid-container av-29qi1ok-24748776204e0a6938b212f0a1e9a973 entry-content-wrapper alternate_color av-flex-cells  avia-builder-el-5  el_after_av_layout_row  el_before_av_layout_row  grid-row-not-first  container_wrap sidebar_right'  >\n\n<style type=\"text\/css\" data-created_by=\"avia_inline_auto\" id=\"style-css-av-28wbl10-40bb7b41176937b1a54b1f64561a8c5e\">\n.flex_cell.av-28wbl10-40bb7b41176937b1a54b1f64561a8c5e{\nvertical-align:top;\n}\n.responsive #top #wrap_all .flex_cell.av-28wbl10-40bb7b41176937b1a54b1f64561a8c5e{\npadding:30px 30px 30px 30px !important;\n}\n<\/style>\n<div class='flex_cell av-28wbl10-40bb7b41176937b1a54b1f64561a8c5e av-gridrow-cell av_one_full no_margin  avia-builder-el-6  avia-builder-el-no-sibling '  ><div class='flex_cell_inner'>\n<style type=\"text\/css\" data-created_by=\"avia_inline_auto\" id=\"style-css-av-25wphfo-b628b60b116b95443fabc70e486c2b33\">\n.flex_column.av-25wphfo-b628b60b116b95443fabc70e486c2b33{\nborder-radius:0px 0px 0px 0px;\npadding:0px 0px 0px 0px;\n}\n<\/style>\n<div  class='flex_column av-25wphfo-b628b60b116b95443fabc70e486c2b33 av_one_full  avia-builder-el-7  avia-builder-el-no-sibling  first flex_column_div av-zero-column-padding  '     ><p>\n<style type=\"text\/css\" data-created_by=\"avia_inline_auto\" id=\"style-css-av-256n4kk-bc6e038153f654a2683f3b6dc29be718\">\n.avia-image-container.av-256n4kk-bc6e038153f654a2683f3b6dc29be718 img.avia_image{\nbox-shadow:none;\n}\n.avia-image-container.av-256n4kk-bc6e038153f654a2683f3b6dc29be718 .av-image-caption-overlay-center{\ncolor:#ffffff;\n}\n<\/style>\n<div  class='avia-image-container av-256n4kk-bc6e038153f654a2683f3b6dc29be718 av-styling-circle avia_animated_image av-animated-when-visible-95 bottom-to-top avia-align-center  avia-builder-el-8  el_before_av_textblock  avia-builder-el-first '   itemprop=\"image\" itemscope=\"itemscope\" itemtype=\"https:\/\/schema.org\/ImageObject\" ><div class=\"avia-image-container-inner\"><div class=\"avia-image-overlay-wrap\"><img decoding=\"async\" class='wp-image-8687 avia-img-lazy-loading-not-8687 avia_image ' src=\"https:\/\/www.hericsportsloisirs.fr\/blog\/wp-content\/uploads\/2023\/10\/Championnat-Mixte-80x80.jpg\" alt='' title='Championnat Mixte'  height=\"80\" width=\"80\"  itemprop=\"thumbnailUrl\" srcset=\"https:\/\/www.hericsportsloisirs.fr\/blog\/wp-content\/uploads\/2023\/10\/Championnat-Mixte-80x80.jpg 80w, https:\/\/www.hericsportsloisirs.fr\/blog\/wp-content\/uploads\/2023\/10\/Championnat-Mixte-36x36.jpg 36w, https:\/\/www.hericsportsloisirs.fr\/blog\/wp-content\/uploads\/2023\/10\/Championnat-Mixte-180x180.jpg 180w\" sizes=\"(max-width: 80px) 100vw, 80px\" \/><\/div><\/div><\/div><br \/>\n\n<style type=\"text\/css\" data-created_by=\"avia_inline_auto\" id=\"style-css-av-7ia78k-49f807038ad71e123293183513f8a01f\">\n#top .av_textblock_section.av-7ia78k-49f807038ad71e123293183513f8a01f .avia_textblock{\nfont-size:15px;\n}\n<\/style>\n<section  class='av_textblock_section av-7ia78k-49f807038ad71e123293183513f8a01f '   itemscope=\"itemscope\" itemtype=\"https:\/\/schema.org\/CreativeWork\" ><div class='avia_textblock'  itemprop=\"text\" ><h1 style=\"text-align: center;\"><strong><span style=\"color: #008080;\">Equipe Mixte<\/span>\u00a0<\/strong><\/h1>\n<p style=\"text-align: center;\"><strong><em>Capitaine:<\/em><\/strong><\/p>\n<p style=\"text-align: center;\">Chris<\/p>\n<p style=\"text-align: center;\"><strong><em>Joueurs(euses)<\/em>: <\/strong><\/p>\n<p style=\"text-align: center;\">No\u00e9, Sandrine, Tony, Titof, Kiki, Eno, Jeanne,<\/p>\n<p style=\"text-align: center;\">Coralie, Stouf, Bastien, Elie, Brian, Xavier<\/p>\n<p style=\"text-align: center;\"><strong><em>Groupe<\/em>: <\/strong><\/p>\n<p style=\"text-align: center;\">H\u00e9ric, Blain, Cordemais, Campbon, Derval, Fay de Bretagne,<\/p>\n<p style=\"text-align: center;\">Gu\u00e9men\u00e9-Penfao, Le G\u00e2vre, Malville, Vay<\/p>\n<\/div><\/section><\/p><\/div>\n<\/div><\/div><\/div><div id='av-layout-grid-3'  class='av-layout-grid-container av-av_layout_row-73a22bcdae81d41a743ce014a33211ea entry-content-wrapper main_color av-flex-cells  avia-builder-el-10  el_after_av_layout_row  el_before_av_layout_row  grid-row-not-first  container_wrap sidebar_right'  >\n<div class='flex_cell av-av_cell_one_full-ebe5280c498a4b568c7730bb0189ca45 av-gridrow-cell av_one_full no_margin  avia-builder-el-11  avia-builder-el-no-sibling '  ><div class='flex_cell_inner'>\n<style type=\"text\/css\" data-created_by=\"avia_inline_auto\" id=\"style-css-av-mn5uszao-08bb0d1346e7caeb37880d36e28f76ca\">\n#top .hr.av-mn5uszao-08bb0d1346e7caeb37880d36e28f76ca{\nmargin-top:30px;\nmargin-bottom:30px;\n}\n.hr.av-mn5uszao-08bb0d1346e7caeb37880d36e28f76ca .hr-inner{\nwidth:50px;\nmax-width:45%;\n}\n<\/style>\n<div  class='hr av-mn5uszao-08bb0d1346e7caeb37880d36e28f76ca hr-custom  avia-builder-el-12  avia-builder-el-no-sibling  hr-center hr-icon-yes'><span class='hr-inner inner-border-av-border-thin'><span class=\"hr-inner-style\"><\/span><\/span><span class='av-seperator-icon' aria-hidden='true' data-av_icon='\ue809' data-av_iconfont='entypo-fontello'><\/span><span class='hr-inner inner-border-av-border-thin'><span class=\"hr-inner-style\"><\/span><\/span><\/div>\n<\/div><\/div><\/div><div id='av-layout-grid-4'  class='av-layout-grid-container av-5iq41g-8d6f1dfac7e4157c2aeff925aaae7e2c entry-content-wrapper alternate_color av-flex-cells  avia-builder-el-13  el_after_av_layout_row  avia-builder-el-last  grid-row-not-first  container_wrap sidebar_right'  >\n\n<style type=\"text\/css\" data-created_by=\"avia_inline_auto\" id=\"style-css-av-4vx7kk-e3b264605966d291f72b6f5efa303b6e\">\n.flex_cell.av-4vx7kk-e3b264605966d291f72b6f5efa303b6e{\nvertical-align:top;\n}\n.responsive #top #wrap_all .flex_cell.av-4vx7kk-e3b264605966d291f72b6f5efa303b6e{\npadding:30px 30px 30px 30px !important;\n}\n<\/style>\n<div class='flex_cell av-4vx7kk-e3b264605966d291f72b6f5efa303b6e av-gridrow-cell av_one_full no_margin  avia-builder-el-14  avia-builder-el-no-sibling '  ><div class='flex_cell_inner'><section  class='av_textblock_section av-2g1mok-27be25a9f093bd8574766f8ffe36e440 '   itemscope=\"itemscope\" itemtype=\"https:\/\/schema.org\/CreativeWork\" ><div class='avia_textblock'  itemprop=\"text\" ><p>Saison 2017\/2018 \u00a0<a href=\"http:\/\/www.hericsportsloisirs.fr\/blog\/wp-content\/uploads\/2018\/10\/R\u00e9sultat-Homme.pdf\" target=\"_blank\" rel=\"noopener\">R\u00e9sultat Hommes<\/a>\u00a0\/\u00a0<a href=\"http:\/\/www.hericsportsloisirs.fr\/blog\/wp-content\/uploads\/2018\/10\/Classement-homme.pdf\" target=\"_blank\" rel=\"noopener\">Classement Hommes<\/a> \/\u00a0<a href=\"http:\/\/www.hericsportsloisirs.fr\/blog\/wp-content\/uploads\/2018\/10\/R\u00e9sultat-Mixte.pdf\" target=\"_blank\" rel=\"noopener\">R\u00e9sultat Mixte<\/a> \/\u00a0<a href=\"http:\/\/www.hericsportsloisirs.fr\/blog\/wp-content\/uploads\/2018\/10\/Classement-mixte.pdf\" target=\"_blank\" rel=\"noopener\">Classement Mixte<\/a><\/p>\n<p>Saison 2018\/2019 \u00a0<a href=\"http:\/\/www.hericsportsloisirs.fr\/blog\/wp-content\/uploads\/2019\/09\/R\u00e9sultat-Hommes-1.pdf\" target=\"_blank\" rel=\"noopener\">R\u00e9sultat Hommes<\/a>\u00a0\/\u00a0<a href=\"http:\/\/www.hericsportsloisirs.fr\/blog\/wp-content\/uploads\/2019\/09\/Classement-Hommes.pdf\" target=\"_blank\" rel=\"noopener\">Classement Hommes<\/a>\u00a0\/\u00a0<a href=\"http:\/\/www.hericsportsloisirs.fr\/blog\/wp-content\/uploads\/2019\/09\/R\u00e9sultat-mixte-1.pdf\" target=\"_blank\" rel=\"noopener\">R\u00e9sultat mixte<\/a>\u00a0\/\u00a0<a href=\"http:\/\/www.hericsportsloisirs.fr\/blog\/wp-content\/uploads\/2019\/09\/Classement-Mixte.pdf\" target=\"_blank\" rel=\"noopener\">Classement Mixte<\/a><\/p>\n<p>Saison 2019\/2020 et 2020\/2021: Annul\u00e9es suite au Covid19<\/p>\n<p>Saison 2021\/2022: <a href=\"https:\/\/www.hericsportsloisirs.fr\/blog\/championnat-2\/resultat-mixte-5\/\" target=\"_blank\" rel=\"attachment noopener wp-att-7358\">R\u00e9sultat Mixte<\/a>\u00a0\/ <a href=\"https:\/\/www.hericsportsloisirs.fr\/blog\/championnat-2\/classement-mixte-9\/\" target=\"_blank\" rel=\"attachment noopener wp-att-7359\">Classement Mixte<\/a><\/p>\n<p>Saison 2022\/2023: <a href=\"https:\/\/www.hericsportsloisirs.fr\/blog\/championnat-2\/resultats-20222023\/\" target=\"_blank\" rel=\"attachment noopener wp-att-7914\">R\u00e9sultats Mixte<\/a> \/ <a href=\"https:\/\/www.hericsportsloisirs.fr\/blog\/championnat-2\/podium-20222023\/\" target=\"_blank\" rel=\"attachment noopener wp-att-7915\">Classement Mixte<\/a><\/p>\n<p>Saison 2023\/2024: <a href=\"https:\/\/www.hericsportsloisirs.fr\/blog\/wp-content\/uploads\/2024\/09\/Resultat-Mixte.pdf\">R\u00e9sultat Mixte<\/a> \/ <a href=\"https:\/\/www.hericsportsloisirs.fr\/blog\/wp-content\/uploads\/2024\/09\/Classement-Mixte.pdf\">Classement Mixte<\/a><\/p>\n<p>Saison 2024\/2025: <a href=\"https:\/\/www.hericsportsloisirs.fr\/blog\/wp-content\/uploads\/2026\/03\/Resultat-Mixte.pdf\" target=\"_blank\" rel=\"noopener\">R\u00e9sultat Mixte<\/a><\/p>\n<\/div><\/section>\n<\/div><\/div><\/div><\/p>\n","protected":false},"excerpt":{"rendered":"","protected":false},"author":6,"featured_media":0,"parent":0,"menu_order":0,"comment_status":"closed","ping_status":"closed","template":"","meta":{"footnotes":""},"class_list":["post-2260","page","type-page","status-publish","hentry"],"_links":{"self":[{"href":"https:\/\/www.hericsportsloisirs.fr\/blog\/wp-json\/wp\/v2\/pages\/2260","targetHints":{"allow":["GET"]}}],"collection":[{"href":"https:\/\/www.hericsportsloisirs.fr\/blog\/wp-json\/wp\/v2\/pages"}],"about":[{"href":"https:\/\/www.hericsportsloisirs.fr\/blog\/wp-json\/wp\/v2\/types\/page"}],"author":[{"embeddable":true,"href":"https:\/\/www.hericsportsloisirs.fr\/blog\/wp-json\/wp\/v2\/users\/6"}],"replies":[{"embeddable":true,"href":"https:\/\/www.hericsportsloisirs.fr\/blog\/wp-json\/wp\/v2\/comments?post=2260"}],"version-history":[{"count":271,"href":"https:\/\/www.hericsportsloisirs.fr\/blog\/wp-json\/wp\/v2\/pages\/2260\/revisions"}],"predecessor-version":[{"id":9527,"href":"https:\/\/www.hericsportsloisirs.fr\/blog\/wp-json\/wp\/v2\/pages\/2260\/revisions\/9527"}],"wp:attachment":[{"href":"https:\/\/www.hericsportsloisirs.fr\/blog\/wp-json\/wp\/v2\/media?parent=2260"}],"curies":[{"name":"wp","href":"https:\/\/api.w.org\/{rel}","templated":true}]}}