{"id":19,"date":"2014-12-06T19:42:17","date_gmt":"2014-12-06T18:42:17","guid":{"rendered":"http:\/\/www.hericsportsloisirs.fr\/blog\/?page_id=19"},"modified":"2025-07-18T01:07:01","modified_gmt":"2025-07-18T00:07:01","slug":"badminton","status":"publish","type":"page","link":"https:\/\/www.hericsportsloisirs.fr\/blog\/badminton\/","title":{"rendered":"Badminton"},"content":{"rendered":"<div id='av-layout-grid-1'  class='av-layout-grid-container av-jsf8j-d10509aea6c341e65a3d189994b09cde entry-content-wrapper alternate_color av-flex-cells  avia-builder-el-0  el_before_av_layout_row  avia-builder-el-first   container_wrap sidebar_right'  >\n<div class='flex_cell av-jbx6f-b84044eca13a05f93c4bd69601be0c6c av-gridrow-cell av_one_full no_margin  avia-builder-el-1  avia-builder-el-no-sibling '  ><div class='flex_cell_inner'><p>\n<style type=\"text\/css\" data-created_by=\"avia_inline_auto\" id=\"style-css-av-iq8mf-74f9e83ff294a2082603fa16793ba8af\">\n#top .hr.hr-invisible.av-iq8mf-74f9e83ff294a2082603fa16793ba8af{\nheight:50px;\n}\n<\/style>\n<div  class='hr av-iq8mf-74f9e83ff294a2082603fa16793ba8af hr-invisible  avia-builder-el-2  el_before_av_one_third  avia-builder-el-first '><span class='hr-inner '><span class=\"hr-inner-style\"><\/span><\/span><\/div><br \/>\n\n<style type=\"text\/css\" data-created_by=\"avia_inline_auto\" id=\"style-css-av-idcnn-d65a7b791a3a6875b4f9b1ba55acebd8\">\n.flex_column.av-idcnn-d65a7b791a3a6875b4f9b1ba55acebd8{\nborder-radius:0px 0px 0px 0px;\npadding:0px 0px 0px 0px;\n}\n<\/style>\n<div  class='flex_column av-idcnn-d65a7b791a3a6875b4f9b1ba55acebd8 av_one_third  avia-builder-el-3  el_after_av_hr  el_before_av_one_third  first flex_column_div av-zero-column-padding  '     ><article  class='iconbox iconbox_top av-hjy0j-dca71618f6349134c93e75a4000706a5  avia-builder-el-4  avia-builder-el-no-sibling  main_color'  itemscope=\"itemscope\" itemtype=\"https:\/\/schema.org\/CreativeWork\" ><div class=\"iconbox_content\"><header class=\"entry-content-header\"><a href='https:\/\/www.hericsportsloisirs.fr\/blog\/section-jeunes\/' title='Section Jeunes'  class=\"iconbox_icon heading-color\" aria-hidden='true' data-av_icon='\ue8ac' data-av_iconfont='entypo-fontello'><\/a><h3 class='iconbox_content_title '  itemprop=\"headline\" ><a href='https:\/\/www.hericsportsloisirs.fr\/blog\/section-jeunes\/' title='Section Jeunes' >Section Jeunes<\/a><\/h3><\/header><div class='iconbox_content_container '  itemprop=\"text\" ><\/div><\/div><footer class=\"entry-footer\"><\/footer><\/article><\/div>\n<style type=\"text\/css\" data-created_by=\"avia_inline_auto\" id=\"style-css-av-h2yzb-b27255efcdbce1a2f76802cb9003efbd\">\n.flex_column.av-h2yzb-b27255efcdbce1a2f76802cb9003efbd{\nborder-radius:0px 0px 0px 0px;\npadding:0px 0px 0px 0px;\n}\n<\/style>\n<div  class='flex_column av-h2yzb-b27255efcdbce1a2f76802cb9003efbd av_one_third  avia-builder-el-5  el_after_av_one_third  el_before_av_one_third  flex_column_div av-zero-column-padding  '     ><article  class='iconbox iconbox_top av-5tff-e743f530fb0f264d6973894061f8cae6  avia-builder-el-6  avia-builder-el-no-sibling  main_color'  itemscope=\"itemscope\" itemtype=\"https:\/\/schema.org\/CreativeWork\" ><div class=\"iconbox_content\"><header class=\"entry-content-header\"><a href='https:\/\/www.hericsportsloisirs.fr\/blog\/tournois-adultes\/' title='Tournois Adultes'  class=\"iconbox_icon heading-color\" aria-hidden='true' data-av_icon='\ue82b' data-av_iconfont='entypo-fontello'><\/a><h3 class='iconbox_content_title '  itemprop=\"headline\" ><a href='https:\/\/www.hericsportsloisirs.fr\/blog\/tournois-adultes\/' title='Tournois Adultes' >Tournois Adultes<\/a><\/h3><\/header><div class='iconbox_content_container '  itemprop=\"text\" ><\/div><\/div><footer class=\"entry-footer\"><\/footer><\/article><\/div>\n<style type=\"text\/css\" data-created_by=\"avia_inline_auto\" id=\"style-css-av-fztyb-ce062ff763904a64f3e72de885ea1da4\">\n.flex_column.av-fztyb-ce062ff763904a64f3e72de885ea1da4{\nborder-radius:0px 0px 0px 0px;\npadding:0px 0px 0px 0px;\n}\n<\/style>\n<div  class='flex_column av-fztyb-ce062ff763904a64f3e72de885ea1da4 av_one_third  avia-builder-el-7  el_after_av_one_third  avia-builder-el-last  flex_column_div av-zero-column-padding  '     ><article  class='iconbox iconbox_top av-f8jgv-5047a3287e55336209eab907e08fa4f8  avia-builder-el-8  avia-builder-el-no-sibling  main_color'  itemscope=\"itemscope\" itemtype=\"https:\/\/schema.org\/CreativeWork\" ><div class=\"iconbox_content\"><header class=\"entry-content-header\"><a href='https:\/\/www.hericsportsloisirs.fr\/blog\/championnat-2\/' title='Championnat'  class=\"iconbox_icon heading-color\" aria-hidden='true' data-av_icon='\ue8a8' data-av_iconfont='entypo-fontello'><\/a><h3 class='iconbox_content_title '  itemprop=\"headline\" ><a href='https:\/\/www.hericsportsloisirs.fr\/blog\/championnat-2\/' title='Championnat' >Championnat<\/a><\/h3><\/header><div class='iconbox_content_container '  itemprop=\"text\" ><\/div><\/div><footer class=\"entry-footer\"><\/footer><\/article><\/div><\/p>\n<\/div><\/div>\n<\/div>\n<div id='av-layout-grid-2'  class='av-layout-grid-container av-a3z97-48bd2912cb66309774a5e7286e3416c8 entry-content-wrapper alternate_color av-flex-cells  avia-builder-el-9  el_after_av_layout_row  el_before_av_layout_row  grid-row-not-first  container_wrap sidebar_right'  >\n\n<style type=\"text\/css\" data-created_by=\"avia_inline_auto\" id=\"style-css-av-8zper-92f5ded0a39a911ccdadf24ab0bebe84\">\n.flex_cell.av-8zper-92f5ded0a39a911ccdadf24ab0bebe84{\nvertical-align:top;\n}\n.responsive #top #wrap_all .flex_cell.av-8zper-92f5ded0a39a911ccdadf24ab0bebe84{\npadding:30px 10px 10px 10px !important;\n}\n<\/style>\n<div class='flex_cell av-8zper-92f5ded0a39a911ccdadf24ab0bebe84 av-gridrow-cell av_one_half no_margin  avia-builder-el-10  el_before_av_cell_one_half  avia-builder-el-first '  ><div class='flex_cell_inner'>\n<style type=\"text\/css\" data-created_by=\"avia_inline_auto\" id=\"style-css-av-8ozon-0a6aa98e913395326fddfcff9511e175\">\n.iconbox.av-8ozon-0a6aa98e913395326fddfcff9511e175 .iconbox_icon{\nborder:1px solid #ffffff;\n}\n<\/style>\n<article  class='iconbox iconbox_top av-8ozon-0a6aa98e913395326fddfcff9511e175  avia-builder-el-11  avia-builder-el-no-sibling  main_color'  itemscope=\"itemscope\" itemtype=\"https:\/\/schema.org\/CreativeWork\" ><div class=\"iconbox_content\"><header class=\"entry-content-header\"><div class=\"iconbox_icon heading-color\" aria-hidden='true' data-av_icon='\ue8a7' data-av_iconfont='entypo-fontello'><\/div><h3 class='iconbox_content_title '  itemprop=\"headline\" >Badminton jeunes<\/h3><\/header><div class='iconbox_content_container '  itemprop=\"text\" ><p><img loading=\"lazy\" decoding=\"async\" class=\"aligncenter size-thumbnail wp-image-115\" style=\"padding: 0px;\" src=\"http:\/\/www.hericsportsloisirs.fr\/blog\/wp-content\/uploads\/2014\/12\/554da44788afb568173c8291faac3542-80x80.png\" alt=\"554da44788afb568173c8291faac3542\" width=\"80\" height=\"80\" srcset=\"https:\/\/www.hericsportsloisirs.fr\/blog\/wp-content\/uploads\/2014\/12\/554da44788afb568173c8291faac3542-80x80.png 80w, https:\/\/www.hericsportsloisirs.fr\/blog\/wp-content\/uploads\/2014\/12\/554da44788afb568173c8291faac3542-36x36.png 36w, https:\/\/www.hericsportsloisirs.fr\/blog\/wp-content\/uploads\/2014\/12\/554da44788afb568173c8291faac3542-120x120.png 120w, https:\/\/www.hericsportsloisirs.fr\/blog\/wp-content\/uploads\/2014\/12\/554da44788afb568173c8291faac3542.png 124w\" sizes=\"auto, (max-width: 80px) 100vw, 80px\" \/><\/p>\n<p style=\"text-align: left;\">\n<p style=\"text-align: left;\">\n<style type=\"text\/css\" data-created_by=\"avia_inline_auto\" id=\"style-css-av-tbsv-ed83a7872366938beefe5e839832920f\">\n.av_font_icon.av-tbsv-ed83a7872366938beefe5e839832920f{\ncolor:#0097aa;\nborder-color:#0097aa;\n}\n.av_font_icon.av-tbsv-ed83a7872366938beefe5e839832920f .av-icon-char{\nfont-size:20px;\nline-height:20px;\n}\n<\/style>\n<span  class='av_font_icon av-tbsv-ed83a7872366938beefe5e839832920f avia_animate_when_visible av-icon-style- avia-icon-pos-left avia-icon-animate'><span class='av-icon-char' aria-hidden='true' data-av_icon='\ue812' data-av_iconfont='entypo-fontello' ><\/span><\/span>12 \u00e0 15 ans (n\u00e9s de 2010 \u00e0 2013 pour la saison 2025\/2026)<\/p>\n<p style=\"text-align: left;\">\n<style type=\"text\/css\" data-created_by=\"avia_inline_auto\" id=\"style-css-av-7fbuv-e060a6305ce99528517ac14b414e34fd\">\n.av_font_icon.av-7fbuv-e060a6305ce99528517ac14b414e34fd{\ncolor:#0097aa;\nborder-color:#0097aa;\n}\n.av_font_icon.av-7fbuv-e060a6305ce99528517ac14b414e34fd .av-icon-char{\nfont-size:20px;\nline-height:20px;\n}\n<\/style>\n<span  class='av_font_icon av-7fbuv-e060a6305ce99528517ac14b414e34fd avia_animate_when_visible av-icon-style- avia-icon-pos-left avia-icon-animate'><span class='av-icon-char' aria-hidden='true' data-av_icon='\ue812' data-av_iconfont='entypo-fontello' ><\/span><\/span>30 \u20ac \/ an (cotisation individuelle)<\/p>\n<p style=\"text-align: left;\">\n<style type=\"text\/css\" data-created_by=\"avia_inline_auto\" id=\"style-css-av-6z5lr-1c193d1c7f97f0e5962719de354de557\">\n.av_font_icon.av-6z5lr-1c193d1c7f97f0e5962719de354de557{\ncolor:#0097aa;\nborder-color:#0097aa;\n}\n.av_font_icon.av-6z5lr-1c193d1c7f97f0e5962719de354de557 .av-icon-char{\nfont-size:20px;\nline-height:20px;\n}\n<\/style>\n<span  class='av_font_icon av-6z5lr-1c193d1c7f97f0e5962719de354de557 avia_animate_when_visible av-icon-style- avia-icon-pos-left avia-icon-animate'><span class='av-icon-char' aria-hidden='true' data-av_icon='\ue812' data-av_iconfont='entypo-fontello' ><\/span><\/span>Assurance responsabilit\u00e9 civile et dommages corporels incluses<\/p>\n<p style=\"text-align: left;\">\n<style type=\"text\/css\" data-created_by=\"avia_inline_auto\" id=\"style-css-av-6b0e3-6a9d938f364635483cad67c7d8627ce6\">\n.av_font_icon.av-6b0e3-6a9d938f364635483cad67c7d8627ce6{\ncolor:#0097aa;\nborder-color:#0097aa;\n}\n.av_font_icon.av-6b0e3-6a9d938f364635483cad67c7d8627ce6 .av-icon-char{\nfont-size:20px;\nline-height:20px;\n}\n<\/style>\n<span  class='av_font_icon av-6b0e3-6a9d938f364635483cad67c7d8627ce6 avia_animate_when_visible av-icon-style- avia-icon-pos-left avia-icon-animate'><span class='av-icon-char' aria-hidden='true' data-av_icon='\ue812' data-av_iconfont='entypo-fontello' ><\/span><\/span>tous les jeudis de 18h45 \u00e0 20h15<\/p>\n<p style=\"text-align: left;\">\n<\/div><\/div><footer class=\"entry-footer\"><\/footer><\/article>\n<\/div><\/div>\n<style type=\"text\/css\" data-created_by=\"avia_inline_auto\" id=\"style-css-av-4xf1v-ac68095745019d73c04072ff2261301e\">\n.flex_cell.av-4xf1v-ac68095745019d73c04072ff2261301e{\nvertical-align:top;\n}\n.responsive #top #wrap_all .flex_cell.av-4xf1v-ac68095745019d73c04072ff2261301e{\npadding:30px 10px 10px 10px !important;\n}\n<\/style>\n<div class='flex_cell av-4xf1v-ac68095745019d73c04072ff2261301e av-gridrow-cell av_one_half no_margin  avia-builder-el-16  el_after_av_cell_one_half  avia-builder-el-last '  ><div class='flex_cell_inner'>\n<style type=\"text\/css\" data-created_by=\"avia_inline_auto\" id=\"style-css-av-4cr83-7bbd6b2222e94b00ca2a0185d99bdae0\">\n.iconbox.av-4cr83-7bbd6b2222e94b00ca2a0185d99bdae0 .iconbox_icon{\nborder:1px solid #ffffff;\n}\n<\/style>\n<article  class='iconbox iconbox_top av-4cr83-7bbd6b2222e94b00ca2a0185d99bdae0  avia-builder-el-17  avia-builder-el-no-sibling  main_color'  itemscope=\"itemscope\" itemtype=\"https:\/\/schema.org\/CreativeWork\" ><div class=\"iconbox_content\"><header class=\"entry-content-header\"><div class=\"iconbox_icon heading-color\" aria-hidden='true' data-av_icon='\ue8a7' data-av_iconfont='entypo-fontello'><\/div><h3 class='iconbox_content_title '  itemprop=\"headline\" >Badminton adultes<\/h3><\/header><div class='iconbox_content_container '  itemprop=\"text\" ><p><img loading=\"lazy\" decoding=\"async\" class=\"aligncenter size-thumbnail wp-image-115\" style=\"padding: 0px;\" src=\"http:\/\/www.hericsportsloisirs.fr\/blog\/wp-content\/uploads\/2014\/12\/554da44788afb568173c8291faac3542-80x80.png\" alt=\"554da44788afb568173c8291faac3542\" width=\"80\" height=\"80\" srcset=\"https:\/\/www.hericsportsloisirs.fr\/blog\/wp-content\/uploads\/2014\/12\/554da44788afb568173c8291faac3542-80x80.png 80w, https:\/\/www.hericsportsloisirs.fr\/blog\/wp-content\/uploads\/2014\/12\/554da44788afb568173c8291faac3542-36x36.png 36w, https:\/\/www.hericsportsloisirs.fr\/blog\/wp-content\/uploads\/2014\/12\/554da44788afb568173c8291faac3542-120x120.png 120w, https:\/\/www.hericsportsloisirs.fr\/blog\/wp-content\/uploads\/2014\/12\/554da44788afb568173c8291faac3542.png 124w\" sizes=\"auto, (max-width: 80px) 100vw, 80px\" \/><\/p>\n<p style=\"text-align: left;\">\n<style type=\"text\/css\" data-created_by=\"avia_inline_auto\" id=\"style-css-av-3rsfv-6a3cb0b4b46e09047c0240519d52b5a4\">\n.av_font_icon.av-3rsfv-6a3cb0b4b46e09047c0240519d52b5a4{\ncolor:#0097aa;\nborder-color:#0097aa;\n}\n.av_font_icon.av-3rsfv-6a3cb0b4b46e09047c0240519d52b5a4 .av-icon-char{\nfont-size:20px;\nline-height:20px;\n}\n<\/style>\n<span  class='av_font_icon av-3rsfv-6a3cb0b4b46e09047c0240519d52b5a4 avia_animate_when_visible av-icon-style- avia-icon-pos-left avia-icon-animate'><span class='av-icon-char' aria-hidden='true' data-av_icon='\ue812' data-av_iconfont='entypo-fontello' ><\/span><\/span>+ de 16 ans<\/p>\n<p style=\"text-align: left;\">\n<style type=\"text\/css\" data-created_by=\"avia_inline_auto\" id=\"style-css-av-32qqr-0ac65bb7b110072b09f8c79b96b98772\">\n.av_font_icon.av-32qqr-0ac65bb7b110072b09f8c79b96b98772{\ncolor:#0097aa;\nborder-color:#0097aa;\n}\n.av_font_icon.av-32qqr-0ac65bb7b110072b09f8c79b96b98772 .av-icon-char{\nfont-size:20px;\nline-height:20px;\n}\n<\/style>\n<span  class='av_font_icon av-32qqr-0ac65bb7b110072b09f8c79b96b98772 avia_animate_when_visible av-icon-style- avia-icon-pos-left avia-icon-animate'><span class='av-icon-char' aria-hidden='true' data-av_icon='\ue812' data-av_iconfont='entypo-fontello' ><\/span><\/span>30 \u20ac \/ an (cotisation individuelle)<\/p>\n<p style=\"text-align: left;\">\n<style type=\"text\/css\" data-created_by=\"avia_inline_auto\" id=\"style-css-av-2oclz-5e3d4b13c271bd0e290b0fe9747978d6\">\n.av_font_icon.av-2oclz-5e3d4b13c271bd0e290b0fe9747978d6{\ncolor:#0097aa;\nborder-color:#0097aa;\n}\n.av_font_icon.av-2oclz-5e3d4b13c271bd0e290b0fe9747978d6 .av-icon-char{\nfont-size:20px;\nline-height:20px;\n}\n<\/style>\n<span  class='av_font_icon av-2oclz-5e3d4b13c271bd0e290b0fe9747978d6 avia_animate_when_visible av-icon-style- avia-icon-pos-left avia-icon-animate'><span class='av-icon-char' aria-hidden='true' data-av_icon='\ue812' data-av_iconfont='entypo-fontello' ><\/span><\/span>Assurance responsabilit\u00e9 civile et dommages corporels incluses<\/p>\n<p style=\"text-align: left;\">\n<style type=\"text\/css\" data-created_by=\"avia_inline_auto\" id=\"style-css-av-1zzoj-a3cedc3f004e862b1bf3c965c7a1a306\">\n.av_font_icon.av-1zzoj-a3cedc3f004e862b1bf3c965c7a1a306{\ncolor:#0097aa;\nborder-color:#0097aa;\n}\n.av_font_icon.av-1zzoj-a3cedc3f004e862b1bf3c965c7a1a306 .av-icon-char{\nfont-size:20px;\nline-height:20px;\n}\n<\/style>\n<span  class='av_font_icon av-1zzoj-a3cedc3f004e862b1bf3c965c7a1a306 avia_animate_when_visible av-icon-style- avia-icon-pos-left avia-icon-animate'><span class='av-icon-char' aria-hidden='true' data-av_icon='\ue812' data-av_iconfont='entypo-fontello' ><\/span><\/span>tous les mardis de 18h30 \u00e0 23h<\/p>\n<p style=\"text-align: left;\">\n<style type=\"text\/css\" data-created_by=\"avia_inline_auto\" id=\"style-css-av-1zzoj-1-d9ace7abc287cb5ec573ba1e8fe075f8\">\n.av_font_icon.av-1zzoj-1-d9ace7abc287cb5ec573ba1e8fe075f8{\ncolor:#0097aa;\nborder-color:#0097aa;\n}\n.av_font_icon.av-1zzoj-1-d9ace7abc287cb5ec573ba1e8fe075f8 .av-icon-char{\nfont-size:20px;\nline-height:20px;\n}\n<\/style>\n<span  class='av_font_icon av-1zzoj-1-d9ace7abc287cb5ec573ba1e8fe075f8 avia_animate_when_visible av-icon-style- avia-icon-pos-left avia-icon-animate'><span class='av-icon-char' aria-hidden='true' data-av_icon='\ue812' data-av_iconfont='entypo-fontello' ><\/span><\/span>tous les jeudis de 20h15 \u00e0 23h<\/p>\n<p style=\"text-align: left;\">\n<style type=\"text\/css\" data-created_by=\"avia_inline_auto\" id=\"style-css-av-1aijv-c4a039d07dfaeceebfcbd9bf39eda975\">\n.av_font_icon.av-1aijv-c4a039d07dfaeceebfcbd9bf39eda975{\ncolor:#0097aa;\nborder-color:#0097aa;\n}\n.av_font_icon.av-1aijv-c4a039d07dfaeceebfcbd9bf39eda975 .av-icon-char{\nfont-size:20px;\nline-height:20px;\n}\n<\/style>\n<span  class='av_font_icon av-1aijv-c4a039d07dfaeceebfcbd9bf39eda975 avia_animate_when_visible av-icon-style- avia-icon-pos-left avia-icon-animate'><span class='av-icon-char' aria-hidden='true' data-av_icon='\ue812' data-av_iconfont='entypo-fontello' ><\/span><\/span>tous les samedis de 9h \u00e0 11h<\/p>\n<\/div><\/div><footer class=\"entry-footer\"><\/footer><\/article>\n<\/div><\/div><\/div><div id='av-layout-grid-3'  class='av-layout-grid-container av-kgxkxal8-4e5c03c7828e99d2ea462202f8acf2a3 entry-content-wrapper alternate_color av-flex-cells  avia-builder-el-24  el_after_av_layout_row  el_before_av_layout_row  grid-row-not-first  container_wrap sidebar_right'  >\n\n<style type=\"text\/css\" data-created_by=\"avia_inline_auto\" id=\"style-css-av-kgxlii8l-8af0f62b24216b0fea2128ee9409318e\">\n.flex_cell.av-kgxlii8l-8af0f62b24216b0fea2128ee9409318e{\nvertical-align:top;\n}\n.responsive #top #wrap_all .flex_cell.av-kgxlii8l-8af0f62b24216b0fea2128ee9409318e{\npadding:30px 30px 30px 30px !important;\n}\n<\/style>\n<div class='flex_cell av-kgxlii8l-8af0f62b24216b0fea2128ee9409318e av-gridrow-cell av_one_full no_margin  avia-builder-el-25  avia-builder-el-no-sibling '  ><div class='flex_cell_inner'><article  class='iconbox iconbox_top av-kgxkr6s9-d44f4e3543d17d49c7cce1c56ed2f2fd  avia-builder-el-26  avia-builder-el-no-sibling  main_color'  itemscope=\"itemscope\" itemtype=\"https:\/\/schema.org\/CreativeWork\" ><div class=\"iconbox_content\"><header class=\"entry-content-header\"><div class=\"iconbox_icon heading-color\" aria-hidden='true' data-av_icon='\ue83f' data-av_iconfont='entypo-fontello'><\/div><h3 class='iconbox_content_title '  itemprop=\"headline\" >Mat\u00e9riel n\u00e9cessaire<\/h3><\/header><div class='iconbox_content_container '  itemprop=\"text\" ><p>Chaussures et tenue adapt\u00e9es au sport en salle<\/p>\n<p>Raquette de badminton (\u00e0 partir de 40 euros environ)<\/p>\n<p>Les volants sont fournis par HBC<\/p>\n<\/div><\/div><footer class=\"entry-footer\"><\/footer><\/article>\n<\/div><\/div><\/div><div id='av-layout-grid-4'  class='av-layout-grid-container av-kgxlh9r7-78972ed5667b2f77a4b77628d26c96df entry-content-wrapper alternate_color av-flex-cells  avia-builder-el-27  el_after_av_layout_row  avia-builder-el-last  grid-row-not-first  container_wrap sidebar_right'  >\n\n<style type=\"text\/css\" data-created_by=\"avia_inline_auto\" id=\"style-css-av-kgxlheu9-4dcc5334a12f45744f3cfae11e7ebdc7\">\n.flex_cell.av-kgxlheu9-4dcc5334a12f45744f3cfae11e7ebdc7{\nvertical-align:top;\n}\n.responsive #top #wrap_all .flex_cell.av-kgxlheu9-4dcc5334a12f45744f3cfae11e7ebdc7{\npadding:30px 30px 30px 30px !important;\n}\n<\/style>\n<div class='flex_cell av-kgxlheu9-4dcc5334a12f45744f3cfae11e7ebdc7 av-gridrow-cell av_one_full no_margin  avia-builder-el-28  avia-builder-el-no-sibling '  ><div class='flex_cell_inner'><article  class='iconbox iconbox_top av-kgxl9rvf-87c34396cf8b2d18d188052f1442e553  avia-builder-el-29  avia-builder-el-no-sibling  main_color'  itemscope=\"itemscope\" itemtype=\"https:\/\/schema.org\/CreativeWork\" ><div class=\"iconbox_content\"><header class=\"entry-content-header\"><a href='https:\/\/www.hericsportsloisirs.fr\/blog\/contact\/' title=''  target=\"_blank\"  rel=\"noopener noreferrer\" class=\"iconbox_icon heading-color\" aria-hidden='true' data-av_icon='\ue81f' data-av_iconfont='entypo-fontello'><\/a><\/header><div class='iconbox_content_container '  itemprop=\"text\" ><p>Partenariat avec<\/p>\n<p>des magasins sp\u00e9cialistes du badminton<\/p>\n<p>Tarif pr\u00e9f\u00e9rentiel sur \u00a0le cordage des raquettes<\/p>\n<p>et l&rsquo;achat de mat\u00e9riel<\/p>\n<p><a href=\"https:\/\/www.plusdebad.com\/content\/magasin-nantes\" target=\"_blank\" rel=\"noopener\">+2BAD \u00e0 Carquefou<\/a><\/p>\n<p><a href=\"https:\/\/100pourcentbad.fr\" target=\"_blank\" rel=\"noopener\">100%BAD \u00e0 Grandchamp des Fontaines<\/a><\/p>\n<\/div><\/div><footer class=\"entry-footer\"><\/footer><\/article>\n<\/div><\/div>\n<\/div><\/p>\n","protected":false},"excerpt":{"rendered":"","protected":false},"author":6,"featured_media":0,"parent":0,"menu_order":0,"comment_status":"open","ping_status":"open","template":"","meta":{"footnotes":""},"class_list":["post-19","page","type-page","status-publish","hentry"],"_links":{"self":[{"href":"https:\/\/www.hericsportsloisirs.fr\/blog\/wp-json\/wp\/v2\/pages\/19","targetHints":{"allow":["GET"]}}],"collection":[{"href":"https:\/\/www.hericsportsloisirs.fr\/blog\/wp-json\/wp\/v2\/pages"}],"about":[{"href":"https:\/\/www.hericsportsloisirs.fr\/blog\/wp-json\/wp\/v2\/types\/page"}],"author":[{"embeddable":true,"href":"https:\/\/www.hericsportsloisirs.fr\/blog\/wp-json\/wp\/v2\/users\/6"}],"replies":[{"embeddable":true,"href":"https:\/\/www.hericsportsloisirs.fr\/blog\/wp-json\/wp\/v2\/comments?post=19"}],"version-history":[{"count":300,"href":"https:\/\/www.hericsportsloisirs.fr\/blog\/wp-json\/wp\/v2\/pages\/19\/revisions"}],"predecessor-version":[{"id":9248,"href":"https:\/\/www.hericsportsloisirs.fr\/blog\/wp-json\/wp\/v2\/pages\/19\/revisions\/9248"}],"wp:attachment":[{"href":"https:\/\/www.hericsportsloisirs.fr\/blog\/wp-json\/wp\/v2\/media?parent=19"}],"curies":[{"name":"wp","href":"https:\/\/api.w.org\/{rel}","templated":true}]}}