{"id":17,"date":"2014-12-06T19:40:38","date_gmt":"2014-12-06T18:40:38","guid":{"rendered":"http:\/\/www.hericsportsloisirs.fr\/blog\/?page_id=17"},"modified":"2025-01-21T04:26:22","modified_gmt":"2025-01-21T03:26:22","slug":"partenariat","status":"publish","type":"page","link":"https:\/\/www.hericsportsloisirs.fr\/blog\/partenariat\/","title":{"rendered":"Partenariat"},"content":{"rendered":"<div id='av-layout-grid-1'  class='av-layout-grid-container av-nitnt-6a90284da7a3afeb269832425b94b0d2 entry-content-wrapper alternate_color av-border-top-bottom av-flex-cells  avia-builder-el-0  el_before_av_layout_row  avia-builder-el-first   container_wrap sidebar_right'  >\n\n<style type=\"text\/css\" data-created_by=\"avia_inline_auto\" id=\"style-css-av-n5bpd-0feb29ab8749cff0749616db727aa539\">\n.flex_cell.av-n5bpd-0feb29ab8749cff0749616db727aa539{\nvertical-align:top;\n}\n.responsive #top #wrap_all .flex_cell.av-n5bpd-0feb29ab8749cff0749616db727aa539{\npadding:30px 30px 30px 30px !important;\n}\n<\/style>\n<div class='flex_cell av-n5bpd-0feb29ab8749cff0749616db727aa539 av-gridrow-cell av_one_full no_margin  avia-builder-el-1  avia-builder-el-no-sibling '  ><div class='flex_cell_inner'><section  class='av_textblock_section av-m9vap-28082b141504d2d7afa1f679c3efeec6 '   itemscope=\"itemscope\" itemtype=\"https:\/\/schema.org\/CreativeWork\" ><div class='avia_textblock'  itemprop=\"text\" ><p style=\"text-align: center;\"><a href=\"https:\/\/www.hericsportsloisirs.fr\/blog\/wp-content\/uploads\/2025\/01\/Snapshot_2024-06-21_16-03-29-791598.webp\"><img loading=\"lazy\" decoding=\"async\" class=\"alignnone size-medium wp-image-9007\" src=\"https:\/\/www.hericsportsloisirs.fr\/blog\/wp-content\/uploads\/2025\/01\/Snapshot_2024-06-21_16-03-29-791598-300x169.webp\" alt=\"\" width=\"300\" height=\"169\" srcset=\"https:\/\/www.hericsportsloisirs.fr\/blog\/wp-content\/uploads\/2025\/01\/Snapshot_2024-06-21_16-03-29-791598-300x169.webp 300w, https:\/\/www.hericsportsloisirs.fr\/blog\/wp-content\/uploads\/2025\/01\/Snapshot_2024-06-21_16-03-29-791598-1030x579.webp 1030w, https:\/\/www.hericsportsloisirs.fr\/blog\/wp-content\/uploads\/2025\/01\/Snapshot_2024-06-21_16-03-29-791598-768x432.webp 768w, https:\/\/www.hericsportsloisirs.fr\/blog\/wp-content\/uploads\/2025\/01\/Snapshot_2024-06-21_16-03-29-791598-705x397.webp 705w, https:\/\/www.hericsportsloisirs.fr\/blog\/wp-content\/uploads\/2025\/01\/Snapshot_2024-06-21_16-03-29-791598.webp 1200w\" sizes=\"auto, (max-width: 300px) 100vw, 300px\" \/><\/a><\/p>\n<h3 class=\"article-template__title\" style=\"text-align: center;\"><strong>Geoffrey Renou : <\/strong><\/h3>\n<h3 class=\"article-template__title\" style=\"text-align: center;\"><strong>De Passionn\u00e9 \u00e0 Professionnel du Badminton et Fondateur de 100%BAD<\/strong><\/h3>\n<div class=\"x9f619 x1ja2u2z x78zum5 x2lah0s x1n2onr6 x1nhvcw1 x1qjc9v5 xozqiw3 x1q0g3np xyamay9 xykv574 xbmpl8g x4cne27 xifccgj\">\n<div class=\"x9f619 x1n2onr6 x1ja2u2z x78zum5 xdt5ytf x2lah0s x193iq5w xeuugli xsyo7zv x16hj40l x10b6aqq x1yrsyyn\"><img loading=\"lazy\" decoding=\"async\" class=\"x1b0d499 xuo83w3 aligncenter\" src=\"https:\/\/static.xx.fbcdn.net\/rsrc.php\/v4\/yW\/r\/8k_Y-oVxbuU.png\" alt=\"\" width=\"20\" height=\"20\" \/><\/div>\n<div class=\"x9f619 x1n2onr6 x1ja2u2z x78zum5 xdt5ytf x193iq5w xeuugli x1r8uery x1iyjqo2 xs83m0k xamitd3 xsyo7zv x16hj40l x10b6aqq x1yrsyyn\" style=\"text-align: center;\">\n<div class=\"x1i10hfl xjbqb8w x1ejq31n xd10rxx x1sy0etr x17r0tee x972fbf xcfux6l x1qhh985 xm0m39n x9f619 x1ypdohk xt0psk2 xe8uvvx xdj266r x11i5rnm xat24cr x1mh8g0r xexx8yu x4uap5 x18d9i69 xkhd6sd x16tdsg8 x1hl2dhg xggy1nq x1a2a7pz x1heor9g x1sur9pj xkrqix3 x1s688f\" tabindex=\"0\" role=\"button\"><span class=\"x193iq5w xeuugli x13faqbe x1vvkbs x1xmvt09 x1lliihq x1s928wv xhkezso x1gmr53x x1cpjm7i x1fgarty x1943h6x xudqn12 x3x7a5m x6prxxf xvq8zen xo1l8bm xzsf02u\" dir=\"auto\">6 Rue du moulin du perou, Grandchamp-des-Fontaines<\/span><\/div>\n<\/div>\n<\/div>\n<div class=\"x9f619 x1ja2u2z x78zum5 x2lah0s x1n2onr6 x1nhvcw1 x1qjc9v5 xozqiw3 x1q0g3np xyamay9 xykv574 xbmpl8g x4cne27 xifccgj\" style=\"text-align: center;\">\n<div class=\"x9f619 x1n2onr6 x1ja2u2z x78zum5 xdt5ytf x2lah0s x193iq5w xeuugli xsyo7zv x16hj40l x10b6aqq x1yrsyyn\"><img loading=\"lazy\" decoding=\"async\" class=\"x1b0d499 xuo83w3\" src=\"https:\/\/static.xx.fbcdn.net\/rsrc.php\/v4\/yT\/r\/Dc7-7AgwkwS.png\" alt=\"\" width=\"20\" height=\"20\" \/><\/div>\n<div class=\"x9f619 x1n2onr6 x1ja2u2z x78zum5 xdt5ytf x193iq5w xeuugli x1r8uery x1iyjqo2 xs83m0k xamitd3 xsyo7zv x16hj40l x10b6aqq x1yrsyyn\">\n<div class=\"x78zum5 xdt5ytf xz62fqu x16ldp7u\">\n<div class=\"xu06os2 x1ok221b\"><span class=\"x193iq5w xeuugli x13faqbe x1vvkbs x1xmvt09 x1lliihq x1s928wv xhkezso x1gmr53x x1cpjm7i x1fgarty x1943h6x xudqn12 x3x7a5m x6prxxf xvq8zen xo1l8bm xzsf02u x1yc453h\" dir=\"auto\">06 42 46 61 53<\/span><\/div>\n<\/div>\n<\/div>\n<\/div>\n<div class=\"x9f619 x1ja2u2z x78zum5 x2lah0s x1n2onr6 x1nhvcw1 x1qjc9v5 xozqiw3 x1q0g3np xyamay9 xykv574 xbmpl8g x4cne27 xifccgj\">\n<div class=\"x9f619 x1n2onr6 x1ja2u2z x78zum5 xdt5ytf x2lah0s x193iq5w xeuugli xsyo7zv x16hj40l x10b6aqq x1yrsyyn\" style=\"text-align: center;\"><img loading=\"lazy\" decoding=\"async\" class=\"x1b0d499 xuo83w3\" src=\"https:\/\/static.xx.fbcdn.net\/rsrc.php\/v4\/yE\/r\/2PIcyqpptfD.png\" alt=\"\" width=\"20\" height=\"20\" \/><\/div>\n<div class=\"x9f619 x1n2onr6 x1ja2u2z x78zum5 xdt5ytf x193iq5w xeuugli x1r8uery x1iyjqo2 xs83m0k xamitd3 xsyo7zv x16hj40l x10b6aqq x1yrsyyn\">\n<div class=\"x78zum5 xdt5ytf xz62fqu x16ldp7u\">\n<div class=\"xu06os2 x1ok221b\" style=\"text-align: center;\"><span class=\"x193iq5w xeuugli x13faqbe x1vvkbs x1xmvt09 x1lliihq x1s928wv xhkezso x1gmr53x x1cpjm7i x1fgarty x1943h6x xudqn12 x3x7a5m x6prxxf xvq8zen xo1l8bm xzsf02u x1yc453h\" dir=\"auto\">geoffrey@100pourcentbad.fr<\/span><\/div>\n<\/div>\n<\/div>\n<\/div>\n<p style=\"text-align: center;\"><span style=\"color: #33cccc;\"><strong><a style=\"color: #33cccc;\" href=\"https:\/\/100pourcentbad.fr\/\" target=\"_blank\" rel=\"noopener\">Site Internet<\/a><\/strong><\/span><\/p>\n<p style=\"text-align: center;\"><span style=\"color: #33cccc;\"><strong><a style=\"color: #33cccc;\" href=\"https:\/\/www.facebook.com\/100pourcentbad\/\" target=\"_blank\" rel=\"noopener\">Facebook<\/a><\/strong><\/span><\/p>\n<p style=\"text-align: center;\"><span style=\"color: #000000;\"><strong>Cordage \u00e0 10 euros <\/strong><\/span><\/p>\n<p style=\"text-align: center;\"><span style=\"color: #000000;\"><strong>sur pr\u00e9sentation de la carte adh\u00e9rent d&rsquo;HBC<\/strong><\/span><\/p>\n<\/div><\/section>\n<\/div><\/div>\n<\/div>\n<div id='av-layout-grid-2'  class='av-layout-grid-container av-m65vhyb8-a8fce2dcb725db788e9ec4b5bcdd91af entry-content-wrapper alternate_color av-border-top-bottom av-flex-cells  avia-builder-el-3  el_after_av_layout_row  el_before_av_layout_row  grid-row-not-first  container_wrap sidebar_right'  >\n<div class='flex_cell av-10oox-791549e1cdba3ec0c402b7920f581cab av-gridrow-cell av_one_full no_margin  avia-builder-el-4  avia-builder-el-no-sibling '  ><div class='flex_cell_inner'><section  class='av_textblock_section av-m65unjur-e2846635a84b7b05b41bac08c65ff9ed '   itemscope=\"itemscope\" itemtype=\"https:\/\/schema.org\/CreativeWork\" ><div class='avia_textblock'  itemprop=\"text\" ><h3 style=\"text-align: center;\"><a href=\"https:\/\/www.hericsportsloisirs.fr\/blog\/wp-content\/uploads\/2025\/01\/logo-1645186162.webp\"><img loading=\"lazy\" decoding=\"async\" class=\"alignnone size-medium wp-image-9011\" src=\"https:\/\/www.hericsportsloisirs.fr\/blog\/wp-content\/uploads\/2025\/01\/logo-1645186162-300x118.webp\" alt=\"\" width=\"300\" height=\"118\" srcset=\"https:\/\/www.hericsportsloisirs.fr\/blog\/wp-content\/uploads\/2025\/01\/logo-1645186162-300x118.webp 300w, https:\/\/www.hericsportsloisirs.fr\/blog\/wp-content\/uploads\/2025\/01\/logo-1645186162.webp 307w\" sizes=\"auto, (max-width: 300px) 100vw, 300px\" \/><\/a><\/h3>\n<h3 class=\"dlpro-title\" style=\"text-align: center;\">Le Magasin +2Bad sp\u00e9cialiste badminton en Pays de Loire &#8211; Nantes<\/h3>\n<div class=\"row\">\n<div class=\"col-lg-6 col-md-6 dlpro-col-b1\">\n<ul class=\"dlpro-list-contact\">\n<li><i class=\"fas fa-phone\"><\/i>\u00a0Contactez Valentin, Florian et Thomas au\u00a0<a href=\"tel:0646697403\"><strong>06 46 69 74 03<\/strong><\/a>\u00a0\/\u00a0<a href=\"mailto:nantes@plusdebad.com\">nantes@plusdebad.com<\/a><\/li>\n<li><i class=\"fas fa-map-marker-alt\"><\/i>Adresse : 11 Rue de Bruxelles 44300 Nantes<\/li>\n<\/ul>\n<\/div>\n<div class=\"col-lg-6 col-md-6 dlpro-col-b2\">\n<h2>Horaires d&rsquo;ouverture :<\/h2>\n<div class=\"row dlpro-list-opening-hours\" style=\"text-align: center;\">\n<div class=\"table-responsive\">\n<table class=\"table\">\n<tbody>\n<tr>\n<th>Lundi<\/th>\n<td>10h00 &#8211; 19h00<\/td>\n<\/tr>\n<tr>\n<th>Mardi<\/th>\n<td>10h00 &#8211; 19h00<\/td>\n<\/tr>\n<tr>\n<th>Mercredi<\/th>\n<td>10h00 &#8211; 19h00<\/td>\n<\/tr>\n<tr>\n<th>Jeudi<\/th>\n<td>10h00 &#8211; 19h00<\/td>\n<\/tr>\n<tr>\n<th>Vendredi<\/th>\n<td>10h00 &#8211; 19h00<\/td>\n<\/tr>\n<tr>\n<th>Samedi<\/th>\n<td>10h00 &#8211; 19h00<\/td>\n<\/tr>\n<tr>\n<th>Dimanche<\/th>\n<td>Ferm\u00e9<\/td>\n<\/tr>\n<\/tbody>\n<\/table>\n<\/div>\n<\/div>\n<p>Fermetures les dimanche et jours f\u00e9ri\u00e9s<\/p>\n<\/div>\n<\/div>\n<p style=\"text-align: center;\"><strong><span style=\"color: #33cccc;\"><a style=\"color: #33cccc;\" href=\"https:\/\/www.plusdebad.com\/\" target=\"_blank\" rel=\"noopener\">Site Internet<\/a><\/span><\/strong><\/p>\n<p style=\"text-align: center;\"><strong><span style=\"color: #33cccc;\"><a style=\"color: #33cccc;\" href=\"https:\/\/www.facebook.com\/plusdebad\" target=\"_blank\" rel=\"noopener\">Facebook<\/a><\/span><\/strong><\/p>\n<p style=\"text-align: center;\"><span style=\"color: #000000;\"><strong>Cordage \u00e0 10 euros <\/strong><\/span><\/p>\n<p style=\"text-align: center;\"><span style=\"color: #000000;\"><strong>sur pr\u00e9sentation de la carte adh\u00e9rent d&rsquo;HBC<\/strong><\/span><\/p>\n<\/div><\/section>\n<\/div><\/div>\n<\/div>\n<div id='av-layout-grid-3'  class='av-layout-grid-container av-hzmwl-9465d372e8cdf743e21cb039e8e1ccf8 entry-content-wrapper alternate_color av-border-top-bottom av-flex-cells  avia-builder-el-6  el_after_av_layout_row  el_before_av_layout_row  grid-row-not-first  container_wrap sidebar_right'  >\n\n<style type=\"text\/css\" data-created_by=\"avia_inline_auto\" id=\"style-css-av-hsxgx-4497c80f609c48fc2c329b218d16c07b\">\n.flex_cell.av-hsxgx-4497c80f609c48fc2c329b218d16c07b{\nvertical-align:top;\n}\n.responsive #top #wrap_all .flex_cell.av-hsxgx-4497c80f609c48fc2c329b218d16c07b{\npadding:30px 30px 30px 30px !important;\n}\n<\/style>\n<div class='flex_cell av-hsxgx-4497c80f609c48fc2c329b218d16c07b av-gridrow-cell av_one_full no_margin  avia-builder-el-7  avia-builder-el-no-sibling '  ><div class='flex_cell_inner'><section  class='av_textblock_section av-gyds1-645e60f46d87faa3cc83c761b6eabaee '   itemscope=\"itemscope\" itemtype=\"https:\/\/schema.org\/CreativeWork\" ><div class='avia_textblock'  itemprop=\"text\" ><p style=\"text-align: left;\"><a href=\"http:\/\/www.hericsportsloisirs.fr\/blog\/wp-content\/uploads\/2014\/12\/UN_AUTRE_REGARD_CARTE_VISITE_RECTO.jpg\"><img loading=\"lazy\" decoding=\"async\" class=\"size-medium wp-image-3640 alignleft\" src=\"http:\/\/www.hericsportsloisirs.fr\/blog\/wp-content\/uploads\/2014\/12\/UN_AUTRE_REGARD_CARTE_VISITE_RECTO-202x300.jpg\" alt=\"\" width=\"202\" height=\"300\" srcset=\"https:\/\/www.hericsportsloisirs.fr\/blog\/wp-content\/uploads\/2014\/12\/UN_AUTRE_REGARD_CARTE_VISITE_RECTO-202x300.jpg 202w, https:\/\/www.hericsportsloisirs.fr\/blog\/wp-content\/uploads\/2014\/12\/UN_AUTRE_REGARD_CARTE_VISITE_RECTO-694x1030.jpg 694w, https:\/\/www.hericsportsloisirs.fr\/blog\/wp-content\/uploads\/2014\/12\/UN_AUTRE_REGARD_CARTE_VISITE_RECTO-475x705.jpg 475w, https:\/\/www.hericsportsloisirs.fr\/blog\/wp-content\/uploads\/2014\/12\/UN_AUTRE_REGARD_CARTE_VISITE_RECTO-450x668.jpg 450w, https:\/\/www.hericsportsloisirs.fr\/blog\/wp-content\/uploads\/2014\/12\/UN_AUTRE_REGARD_CARTE_VISITE_RECTO.jpg 756w\" sizes=\"auto, (max-width: 202px) 100vw, 202px\" \/><\/a><\/p>\n<p style=\"text-align: center;\">Merci \u00e0 <strong>Un Autre Regard<\/strong>, votre Opticien \u00e0 H\u00e9ric et partenaire des \u00e9v\u00e8nements organis\u00e9s par <span style=\"color: #33cccc;\">H\u00e9ric Badminton Club<\/span><\/p>\n<p style=\"text-align: center;\">\u00a0 \u00a0 \u00a0 \u00a0 \u00a0Horaires:<\/p>\n<p style=\"text-align: center;\">\u00a0 \u00a0 \u00a0 \u00a0&#8211; Du mardi au vendredi: 9h00 &#8211; 12h30 \/ 14h00 &#8211; 19h00<\/p>\n<p style=\"text-align: center;\">\u00a0 \u00a0 \u00a0 \u00a0&#8211; Le samedi: 9h30 &#8211; 12h30 \/ 14h30 &#8211; 18h00<\/p>\n<div id=\"bloc-info-horaires\" style=\"text-align: center;\"><\/div>\n<p style=\"text-align: center;\"><strong><span style=\"color: #33cccc;\"><a style=\"color: #33cccc;\" href=\"https:\/\/www.facebook.com\/Un-autre-regard-1868360929856838\/\" target=\"_blank\" rel=\"noopener\">Facebook<\/a><\/span><\/strong><\/p>\n<\/div><\/section>\n<\/div><\/div><\/div><div id='av-layout-grid-4'  class='av-layout-grid-container av-12v35-ec84647e7784366bbfcf06ef18f8c83a entry-content-wrapper alternate_color av-border-top-bottom av-flex-cells  avia-builder-el-9  el_after_av_layout_row  avia-builder-el-last  grid-row-not-first  container_wrap sidebar_right'  >\n\n<style type=\"text\/css\" data-created_by=\"avia_inline_auto\" id=\"style-css-av-ah5v9-48d47a8e2262d8fea706022f36e3f6e0\">\n.flex_cell.av-ah5v9-48d47a8e2262d8fea706022f36e3f6e0{\nvertical-align:top;\n}\n.responsive #top #wrap_all .flex_cell.av-ah5v9-48d47a8e2262d8fea706022f36e3f6e0{\npadding:30px 30px 30px 30px !important;\n}\n<\/style>\n<div class='flex_cell av-ah5v9-48d47a8e2262d8fea706022f36e3f6e0 av-gridrow-cell av_two_third no_margin  avia-builder-el-10  el_before_av_cell_one_third  avia-builder-el-first '  ><div class='flex_cell_inner'><section  class='av_textblock_section av-9nld1-ba05bd1cfa4739c407f53c71bc8059e1 '   itemscope=\"itemscope\" itemtype=\"https:\/\/schema.org\/CreativeWork\" ><div class='avia_textblock'  itemprop=\"text\" ><p><a href=\"http:\/\/www.khamaleon.fr\"><img loading=\"lazy\" decoding=\"async\" class=\"alignleft wp-image-1160 size-full\" src=\"http:\/\/www.hericsportsloisirs.fr\/blog\/wp-content\/uploads\/2014\/12\/MacBook-Pro-350x222.png\" alt=\"khamaleon agence web\" width=\"350\" height=\"222\" srcset=\"https:\/\/www.hericsportsloisirs.fr\/blog\/wp-content\/uploads\/2014\/12\/MacBook-Pro-350x222.png 350w, https:\/\/www.hericsportsloisirs.fr\/blog\/wp-content\/uploads\/2014\/12\/MacBook-Pro-350x222-300x190.png 300w\" sizes=\"auto, (max-width: 350px) 100vw, 350px\" \/><\/a><\/p>\n<p style=\"text-align: justify;\">\n<p style=\"text-align: justify;\">\n<p>Merci \u00e0 notre partenaire <a href=\"http:\/\/www.khamaleon.fr\" target=\"_blank\" rel=\"noopener\">Khamaleon<\/a> \u00e0 l&rsquo;origine de la cr\u00e9ation du site Web actuel du <span style=\"color: #33cccc;\">H\u00e9ric Badminton Club<\/span>.<\/p>\n<p style=\"text-align: justify;\"><a href=\"http:\/\/www.khamaleon.fr\" target=\"_blank\" rel=\"noopener\">Khamaleon<\/a>\u00a0est une agence Web localis\u00e9e sur H\u00e9ric, et s&rsquo;adresse\u00a0tout particuli\u00e8rement aux PME-PMI, associations, commer\u00e7ants, professions lib\u00e9rales et artisans.<\/p>\n<p style=\"text-align: justify; display: inline;\">\n<p style=\"text-align: justify; display: inline;\">\n<p style=\"text-align: justify; display: inline;\">\n<p style=\"text-align: justify; display: inline;\">\n<p style=\"text-align: justify; display: inline;\">\n<p style=\"text-align: justify; display: inline;\">\n<p style=\"text-align: justify; display: inline;\">\n<p style=\"text-align: justify; display: inline;\">\n\n<style type=\"text\/css\" data-created_by=\"avia_inline_auto\" id=\"style-css-av-9ga61-92e4a09dd9a253c082e79514a8c93efa\">\n#top .hr.hr-invisible.av-9ga61-92e4a09dd9a253c082e79514a8c93efa{\nheight:10px;\n}\n<\/style>\n<div  class='hr av-9ga61-92e4a09dd9a253c082e79514a8c93efa hr-invisible  avia-builder-el-12  avia-builder-el-no-sibling '><span class='hr-inner '><span class=\"hr-inner-style\"><\/span><\/span><\/div><\/p>\n<p style=\"text-align: justify; display: inline;\"><a href=\"http:\/\/www.khamaleon.fr\/\" target=\"_blank\" rel=\"noopener\">Khamaleon<\/a>\u00a0vous propose un accompagnement complet et un service de proximit\u00e9 pour vos projets de communication Web :<\/p>\n<ul style=\"text-align: justify;\">\n<li>cr\u00e9ation de sites Web vitrines enti\u00e8rement sur mesure : <strong><a title=\"Sites vitrines H\u00e9ric\" href=\"http:\/\/www.khamaleon.fr\/site-web-vitrine\/\" target=\"_blank\" rel=\"noopener\">plus d\u2019infos ici<\/a><\/strong><\/li>\n<li>cr\u00e9ation de sites Web e-commerce<\/li>\n<li>conception et r\u00e9alisation d\u2019outils Web de Communication sur le Lieu de Vente (CLV) : <strong><a title=\"Outil Web CLV\" href=\"http:\/\/www.khamaleon.fr\/communication-web-lieu-vente\/\" target=\"_blank\" rel=\"noopener\">plus d\u2019infos ici<\/a><\/strong><\/li>\n<\/ul>\n<p style=\"text-align: justify;\">Gr\u00e2ce \u00e0 une expertise de plus de 15 ans dans les technologies Web, Khamaleon vous garantit un service et un suivi de qualit\u00e9, au meilleur tarif, \u00e0 votre image et sans co\u00fbt cach\u00e9 !. Plus d&rsquo;informations sur <a href=\"http:\/\/www.khamaleon.fr\" target=\"_blank\" rel=\"noopener\">www.khamaleon.fr<\/a><\/p>\n<\/div><\/section>\n<\/div><\/div>\n<style type=\"text\/css\" data-created_by=\"avia_inline_auto\" id=\"style-css-av-8uq8p-abc6d1cc10c517c9c3769d5ea65eeb0f\">\n.flex_cell.av-8uq8p-abc6d1cc10c517c9c3769d5ea65eeb0f{\nvertical-align:top;\n}\n.responsive #top #wrap_all .flex_cell.av-8uq8p-abc6d1cc10c517c9c3769d5ea65eeb0f{\npadding:30px 30px 30px 30px !important;\n}\n<\/style>\n<div class='flex_cell av-8uq8p-abc6d1cc10c517c9c3769d5ea65eeb0f av-gridrow-cell av_one_third no_margin  avia-builder-el-13  el_after_av_cell_two_third  avia-builder-el-last '  ><div class='flex_cell_inner'><div  class='avia-logo-element-container av-7v581-fb467df1d3bcd1ee7e0cad95f8d00801 av-border-deactivate avia-logo-slider avia-content-slider avia-smallarrow-slider avia-content-slider-active noHover avia-content-slider-odd  avia-builder-el-14  avia-builder-el-no-sibling  av-slideshow-ui av-control-default av-nav-arrows-visible av-nav-dots-visible av-hide-nav-arrows av-slideshow-autoplay av-loop-endless av-loop-manual-endless avia-content-slider1' data-slideshow-options=\"{&quot;animation&quot;:&quot;fade&quot;,&quot;autoplay&quot;:true,&quot;loop_autoplay&quot;:&quot;endless&quot;,&quot;interval&quot;:5,&quot;loop_manual&quot;:&quot;manual-endless&quot;,&quot;autoplay_stopper&quot;:false,&quot;noNavigation&quot;:false,&quot;bg_slider&quot;:false,&quot;keep_padding&quot;:&quot;&quot;,&quot;hoverpause&quot;:false,&quot;show_slide_delay&quot;:0}\"><div class='avia-smallarrow-slider-heading  no-logo-slider-heading '><div class='new-special-heading'>&nbsp;<\/div><div class='avia-slideshow-arrows avia-slideshow-controls' ><a href='#prev' class='prev-slide ' aria-hidden='true' data-av_icon='\ue87c' data-av_iconfont='entypo-fontello'  tabindex='-1'>Pr\u00e9c\u00e9dent<\/a><a href='#next' class='next-slide ' aria-hidden='true' data-av_icon='\ue87d' data-av_iconfont='entypo-fontello'  tabindex='-1'>Suivant<\/a><\/div><\/div><div class=\"avia-content-slider-inner\"><div class=\"slide-entry-wrap\"><div  class='slide-entry av-7hwoh-183cdbb2f65b3e33176f0eed85b132b0 flex_column no_margin av_fullwidth real-thumbnail post-entry slide-entry-overview slide-loop-1 slide-parity-odd  first'><span class='av-partner-fake-img' style='padding-bottom:80.808080808081%; background-image:url(https:\/\/www.hericsportsloisirs.fr\/blog\/wp-content\/uploads\/2014\/12\/apertura1-kham@leon-495x400.jpg);'><\/span><\/div><\/div><div class=\"slide-entry-wrap\"><div  class='slide-entry av-7339p-0482bd84fc4cea633ce35aebe9ddc42e flex_column no_margin av_fullwidth real-thumbnail post-entry slide-entry-overview slide-loop-2 slide-parity-odd  first'><span class='av-partner-fake-img' style='padding-bottom:80.808080808081%; background-image:url(https:\/\/www.hericsportsloisirs.fr\/blog\/wp-content\/uploads\/2014\/12\/apertura2-kham@leon1-495x400.jpg);'><\/span><\/div><\/div><div class=\"slide-entry-wrap\"><div  class='slide-entry av-6cryx-2ed61bc4367e750d8d2f25195261df07 flex_column no_margin av_fullwidth real-thumbnail post-entry slide-entry-overview slide-loop-3 slide-parity-odd  first'><span class='av-partner-fake-img' style='padding-bottom:80.808080808081%; background-image:url(https:\/\/www.hericsportsloisirs.fr\/blog\/wp-content\/uploads\/2014\/12\/apertura-kham@leon1-495x400.jpg);'><\/span><\/div><\/div><div class=\"slide-entry-wrap\"><div  class='slide-entry av-jpkx-9420c982157bacab8caaa91eb212294c flex_column no_margin av_fullwidth real-thumbnail post-entry slide-entry-overview slide-loop-4 slide-parity-odd  first'><span class='av-partner-fake-img' style='padding-bottom:80.808080808081%; background-image:url(https:\/\/www.hericsportsloisirs.fr\/blog\/wp-content\/uploads\/2014\/12\/aurythme1-kham@leon-495x400.jpg);'><\/span><\/div><\/div><div class=\"slide-entry-wrap\"><div  class='slide-entry av-5314t-3d4164ed31ec93c464ab9bf7a9e144bb flex_column no_margin av_fullwidth real-thumbnail post-entry slide-entry-overview slide-loop-5 slide-parity-odd  first'><span class='av-partner-fake-img' style='padding-bottom:80.808080808081%; background-image:url(https:\/\/www.hericsportsloisirs.fr\/blog\/wp-content\/uploads\/2014\/12\/aurythme2-kham@leon-495x400.jpg);'><\/span><\/div><\/div><div class=\"slide-entry-wrap\"><div  class='slide-entry av-4qdkt-9b7fbae33fb8814cf5a8a67f7d49614f flex_column no_margin av_fullwidth real-thumbnail post-entry slide-entry-overview slide-loop-6 slide-parity-odd  first'><span class='av-partner-fake-img' style='padding-bottom:80.808080808081%; background-image:url(https:\/\/www.hericsportsloisirs.fr\/blog\/wp-content\/uploads\/2014\/12\/aurythme-kham@leon-495x400.jpg);'><\/span><\/div><\/div><div class=\"slide-entry-wrap\"><div  class='slide-entry av-44xz1-65f599b4b76040523690214d89bb1f86 flex_column no_margin av_fullwidth real-thumbnail post-entry slide-entry-overview slide-loop-7 slide-parity-odd  first'><span class='av-partner-fake-img' style='padding-bottom:80.808080808081%; background-image:url(https:\/\/www.hericsportsloisirs.fr\/blog\/wp-content\/uploads\/2014\/12\/hsl1-kham@leon-495x400.jpg);'><\/span><\/div><\/div><div class=\"slide-entry-wrap\"><div  class='slide-entry av-36fdp-59c9b32f568e0f7498ccc39988735d1e flex_column no_margin av_fullwidth real-thumbnail post-entry slide-entry-overview slide-loop-8 slide-parity-odd  first'><span class='av-partner-fake-img' style='padding-bottom:80.808080808081%; background-image:url(https:\/\/www.hericsportsloisirs.fr\/blog\/wp-content\/uploads\/2014\/12\/hsl2-kham@leon1-495x400.jpg);'><\/span><\/div><\/div><div class=\"slide-entry-wrap\"><div  class='slide-entry av-2rxup-fb8974561f5fd820694f503a09e66d65 flex_column no_margin av_fullwidth real-thumbnail post-entry slide-entry-overview slide-loop-9 slide-parity-odd  first'><span class='av-partner-fake-img' style='padding-bottom:80.808080808081%; background-image:url(https:\/\/www.hericsportsloisirs.fr\/blog\/wp-content\/uploads\/2014\/12\/hsl-kham@leon-495x400.jpg);'><\/span><\/div><\/div><div class=\"slide-entry-wrap\"><div  class='slide-entry av-1x1td-f3f45686c6d71755cf6be4ffddec8586 flex_column no_margin av_fullwidth real-thumbnail post-entry slide-entry-overview slide-loop-10 slide-parity-odd  first'><span class='av-partner-fake-img' style='padding-bottom:80.808080808081%; background-image:url(https:\/\/www.hericsportsloisirs.fr\/blog\/wp-content\/uploads\/2014\/12\/studiodesign1-kham@leon-495x400.jpg);'><\/span><\/div><\/div><div class=\"slide-entry-wrap\"><div  class='slide-entry av-1n139-52f710e9ca4d1a4d0b8a05418f55e378 flex_column no_margin av_fullwidth real-thumbnail post-entry slide-entry-overview slide-loop-11 slide-parity-odd  first'><span class='av-partner-fake-img' style='padding-bottom:80.808080808081%; background-image:url(https:\/\/www.hericsportsloisirs.fr\/blog\/wp-content\/uploads\/2014\/12\/studiodesign2-kham@leon-495x400.jpg);'><\/span><\/div><\/div><div class=\"slide-entry-wrap\"><div  class='slide-entry av-o2wt-f467271d61fb8580e2e240b97c070622 flex_column no_margin av_fullwidth real-thumbnail post-entry slide-entry-overview slide-loop-12 slide-parity-odd post-entry-last first'><span class='av-partner-fake-img' style='padding-bottom:80.808080808081%; background-image:url(https:\/\/www.hericsportsloisirs.fr\/blog\/wp-content\/uploads\/2014\/12\/studiodesign-kham@leon-495x400.jpg);'><\/span><\/div><\/div><\/div><div class='avia-slideshow-dots avia-slideshow-controls'><a href='#1' class='goto-slide active' >1<\/a><a href='#2' class='goto-slide ' >2<\/a><a href='#3' class='goto-slide ' >3<\/a><a href='#4' class='goto-slide ' >4<\/a><a href='#5' class='goto-slide ' >5<\/a><a href='#6' class='goto-slide ' >6<\/a><a href='#7' class='goto-slide ' >7<\/a><a href='#8' class='goto-slide ' >8<\/a><a href='#9' class='goto-slide ' >9<\/a><a href='#10' class='goto-slide ' >10<\/a><a href='#11' class='goto-slide ' >11<\/a><a href='#12' class='goto-slide ' >12<\/a><\/div><\/div>\n<\/div><\/div>\n<\/div><\/p>\n","protected":false},"excerpt":{"rendered":"","protected":false},"author":1,"featured_media":0,"parent":0,"menu_order":0,"comment_status":"open","ping_status":"open","template":"","meta":{"footnotes":""},"class_list":["post-17","page","type-page","status-publish","hentry"],"_links":{"self":[{"href":"https:\/\/www.hericsportsloisirs.fr\/blog\/wp-json\/wp\/v2\/pages\/17","targetHints":{"allow":["GET"]}}],"collection":[{"href":"https:\/\/www.hericsportsloisirs.fr\/blog\/wp-json\/wp\/v2\/pages"}],"about":[{"href":"https:\/\/www.hericsportsloisirs.fr\/blog\/wp-json\/wp\/v2\/types\/page"}],"author":[{"embeddable":true,"href":"https:\/\/www.hericsportsloisirs.fr\/blog\/wp-json\/wp\/v2\/users\/1"}],"replies":[{"embeddable":true,"href":"https:\/\/www.hericsportsloisirs.fr\/blog\/wp-json\/wp\/v2\/comments?post=17"}],"version-history":[{"count":91,"href":"https:\/\/www.hericsportsloisirs.fr\/blog\/wp-json\/wp\/v2\/pages\/17\/revisions"}],"predecessor-version":[{"id":9027,"href":"https:\/\/www.hericsportsloisirs.fr\/blog\/wp-json\/wp\/v2\/pages\/17\/revisions\/9027"}],"wp:attachment":[{"href":"https:\/\/www.hericsportsloisirs.fr\/blog\/wp-json\/wp\/v2\/media?parent=17"}],"curies":[{"name":"wp","href":"https:\/\/api.w.org\/{rel}","templated":true}]}}